{"id":6856,"date":"2025-05-19T16:30:56","date_gmt":"2025-05-19T20:30:56","guid":{"rendered":"https:\/\/www.apialarm.com\/solutions-de-securite-commerciale-et-surveillance-dalarme-a-p-i-alarm\/surveillance-video-en-direct-alarme-a-p-i\/"},"modified":"2026-02-12T09:15:21","modified_gmt":"2026-02-12T14:15:21","slug":"surveillance-video-en-direct-alarme-a-p-i","status":"publish","type":"page","link":"https:\/\/www.apialarm.com\/fr\/securite-commerciale\/surveillance-video-en-direct-alarme-a-p-i\/","title":{"rendered":"Surveillance vid\u00e9o en direct am\u00e9lior\u00e9e par l&rsquo;IA | a.p.i. ALARM"},"content":{"rendered":"","protected":false},"excerpt":{"rendered":"","protected":false},"author":4,"featured_media":0,"parent":6790,"menu_order":0,"comment_status":"closed","ping_status":"closed","template":"","meta":{"footnotes":""},"acf":[],"yoast_head":"<title>Surveillance vid\u00e9o en direct | ALARME A.P.I.<\/title>\n<meta name=\"description\" content=\"Services sophistiqu\u00e9s de surveillance vid\u00e9o en direct des cam\u00e9ras de s\u00e9curit\u00e9, avec une \u00e9quipe d&#039;agents de s\u00e9curit\u00e9 d\u00e9vou\u00e9s qui gardent constamment un \u0153il sur vos cam\u00e9ras.\" \/>\n<meta name=\"robots\" content=\"index, follow, max-snippet:-1, max-image-preview:large, max-video-preview:-1\" \/>\n<link rel=\"canonical\" href=\"https:\/\/www.apialarm.com\/fr\/wp-json\/wp\/v2\/pages\/6856\" \/>\n<meta property=\"og:locale\" content=\"fr_FR\" \/>\n<meta property=\"og:type\" content=\"article\" \/>\n<meta property=\"og:title\" content=\"Syst\u00e8mes de s\u00e9curit\u00e9 commerciale et surveillance des alarmes\" \/>\n<meta property=\"og:description\" content=\"Nous fournissons des syst\u00e8mes de s\u00e9curit\u00e9 commerciale personnalisables qui peuvent \u00eatre int\u00e9gr\u00e9s dans des locaux de toute taille et surveill\u00e9s par notre station de surveillance des alarmes certifi\u00e9e ULC.\" \/>\n<meta property=\"og:url\" content=\"https:\/\/www.apialarm.com\/fr\/wp-json\/wp\/v2\/pages\/6856\" \/>\n<meta property=\"og:site_name\" content=\"a.p.i. ALARM\" \/>\n<meta property=\"article:modified_time\" content=\"2026-02-12T14:15:21+00:00\" \/>\n<meta property=\"og:image\" content=\"http:\/\/apialarm.com\/wp-content\/uploads\/2023\/07\/api-alarm-logo-Retina.png\" \/>\n<meta name=\"twitter:card\" content=\"summary_large_image\" \/>\n<meta name=\"twitter:title\" content=\"Syst\u00e8mes de s\u00e9curit\u00e9 commerciale et surveillance des alarmes\" \/>\n<meta name=\"twitter:description\" content=\"Nous fournissons des syst\u00e8mes de s\u00e9curit\u00e9 commerciale personnalisables qui peuvent \u00eatre int\u00e9gr\u00e9s dans des locaux de toute taille et surveill\u00e9s par notre station de surveillance des alarmes certifi\u00e9e ULC.\" \/>\n<meta name=\"twitter:image\" content=\"http:\/\/apialarm.com\/wp-content\/uploads\/2023\/07\/api-alarm-logo-Retina.png\" \/>\n<script type=\"application\/ld+json\" class=\"yoast-schema-graph\">{\"@context\":\"https:\/\/schema.org\",\"@graph\":[{\"@type\":\"WebPage\",\"@id\":\"https:\/\/www.apialarm.com\/fr\/wp-json\/wp\/v2\/pages\/6856\",\"url\":\"https:\/\/www.apialarm.com\/fr\/wp-json\/wp\/v2\/pages\/6856\",\"name\":\"Surveillance vid\u00e9o en direct | ALARME A.P.I.\",\"isPartOf\":{\"@id\":\"https:\/\/www.apialarm.com\/fr\/#website\"},\"datePublished\":\"2025-05-19T20:30:56+00:00\",\"dateModified\":\"2026-02-12T14:15:21+00:00\",\"description\":\"Services sophistiqu\u00e9s de surveillance vid\u00e9o en direct des cam\u00e9ras de s\u00e9curit\u00e9, avec une \u00e9quipe d'agents de s\u00e9curit\u00e9 d\u00e9vou\u00e9s qui gardent constamment un \u0153il sur vos cam\u00e9ras.\",\"breadcrumb\":{\"@id\":\"https:\/\/www.apialarm.com\/fr\/securite-commerciale\/surveillance-video-en-direct-alarme-a-p-i\/#breadcrumb\"},\"inLanguage\":\"fr-FR\",\"potentialAction\":[{\"@type\":\"ReadAction\",\"target\":[\"https:\/\/www.apialarm.com\/fr\/securite-commerciale\/surveillance-video-en-direct-alarme-a-p-i\/\"]}]},{\"@type\":\"BreadcrumbList\",\"@id\":\"https:\/\/www.apialarm.com\/fr\/securite-commerciale\/surveillance-video-en-direct-alarme-a-p-i\/#breadcrumb\",\"itemListElement\":[{\"@type\":\"ListItem\",\"position\":1,\"name\":\"Accueil\",\"item\":\"https:\/\/www.apialarm.com\/fr\/a-p-i-alarm-systemes-de-securite-et-surveillance-des-alarmes\/\"},{\"@type\":\"ListItem\",\"position\":2,\"name\":\"Solutions de s\u00e9curit\u00e9 commerciale et surveillance d&#8217;alarme | a.p.i. ALARM\",\"item\":\"https:\/\/www.apialarm.com\/fr\/securite-commerciale\/\"},{\"@type\":\"ListItem\",\"position\":3,\"name\":\"Surveillance vid\u00e9o en direct am\u00e9lior\u00e9e par l&#8217;IA | a.p.i. ALARM\"}]},{\"@type\":\"WebSite\",\"@id\":\"https:\/\/www.apialarm.com\/fr\/#website\",\"url\":\"https:\/\/www.apialarm.com\/fr\/\",\"name\":\"a.p.i. ALARM\",\"description\":\"a.p.i. ALARM | Solutions de s\u00e9curit\u00e9 r\u00e9sidentielle et commerciale et surveillance des alarmes\",\"publisher\":{\"@id\":\"https:\/\/www.apialarm.com\/fr\/#organization\"},\"potentialAction\":[{\"@type\":\"SearchAction\",\"target\":{\"@type\":\"EntryPoint\",\"urlTemplate\":\"https:\/\/www.apialarm.com\/fr\/?s={search_term_string}\"},\"query-input\":\"required name=search_term_string\"}],\"inLanguage\":\"fr-FR\"},{\"@type\":\"Organization\",\"@id\":\"https:\/\/www.apialarm.com\/fr\/#organization\",\"name\":\"a.p.i. ALARM\",\"url\":\"https:\/\/www.apialarm.com\/fr\/\",\"logo\":{\"@type\":\"ImageObject\",\"inLanguage\":\"fr-FR\",\"@id\":\"https:\/\/www.apialarm.com\/fr\/#\/schema\/logo\/image\/\",\"url\":\"https:\/\/www.apialarm.com\/wp-content\/uploads\/2023\/08\/api-alarm.png\",\"contentUrl\":\"https:\/\/www.apialarm.com\/wp-content\/uploads\/2023\/08\/api-alarm.png\",\"width\":696,\"height\":696,\"caption\":\"a.p.i. ALARM\"},\"image\":{\"@id\":\"https:\/\/www.apialarm.com\/fr\/#\/schema\/logo\/image\/\"}}]}<\/script>","yoast_head_json":{"title":"Surveillance vid\u00e9o en direct | ALARME A.P.I.","description":"Services sophistiqu\u00e9s de surveillance vid\u00e9o en direct des cam\u00e9ras de s\u00e9curit\u00e9, avec une \u00e9quipe d'agents de s\u00e9curit\u00e9 d\u00e9vou\u00e9s qui gardent constamment un \u0153il sur vos cam\u00e9ras.","robots":{"index":"index","follow":"follow","max-snippet":"max-snippet:-1","max-image-preview":"max-image-preview:large","max-video-preview":"max-video-preview:-1"},"canonical":"https:\/\/www.apialarm.com\/fr\/wp-json\/wp\/v2\/pages\/6856","og_locale":"fr_FR","og_type":"article","og_title":"Syst\u00e8mes de s\u00e9curit\u00e9 commerciale et surveillance des alarmes","og_description":"Nous fournissons des syst\u00e8mes de s\u00e9curit\u00e9 commerciale personnalisables qui peuvent \u00eatre int\u00e9gr\u00e9s dans des locaux de toute taille et surveill\u00e9s par notre station de surveillance des alarmes certifi\u00e9e ULC.","og_url":"https:\/\/www.apialarm.com\/fr\/wp-json\/wp\/v2\/pages\/6856","og_site_name":"a.p.i. ALARM","article_modified_time":"2026-02-12T14:15:21+00:00","og_image":[{"url":"http:\/\/apialarm.com\/wp-content\/uploads\/2023\/07\/api-alarm-logo-Retina.png"}],"twitter_card":"summary_large_image","twitter_title":"Syst\u00e8mes de s\u00e9curit\u00e9 commerciale et surveillance des alarmes","twitter_description":"Nous fournissons des syst\u00e8mes de s\u00e9curit\u00e9 commerciale personnalisables qui peuvent \u00eatre int\u00e9gr\u00e9s dans des locaux de toute taille et surveill\u00e9s par notre station de surveillance des alarmes certifi\u00e9e ULC.","twitter_image":"http:\/\/apialarm.com\/wp-content\/uploads\/2023\/07\/api-alarm-logo-Retina.png","schema":{"@context":"https:\/\/schema.org","@graph":[{"@type":"WebPage","@id":"https:\/\/www.apialarm.com\/fr\/wp-json\/wp\/v2\/pages\/6856","url":"https:\/\/www.apialarm.com\/fr\/wp-json\/wp\/v2\/pages\/6856","name":"Surveillance vid\u00e9o en direct | ALARME A.P.I.","isPartOf":{"@id":"https:\/\/www.apialarm.com\/fr\/#website"},"datePublished":"2025-05-19T20:30:56+00:00","dateModified":"2026-02-12T14:15:21+00:00","description":"Services sophistiqu\u00e9s de surveillance vid\u00e9o en direct des cam\u00e9ras de s\u00e9curit\u00e9, avec une \u00e9quipe d'agents de s\u00e9curit\u00e9 d\u00e9vou\u00e9s qui gardent constamment un \u0153il sur vos cam\u00e9ras.","breadcrumb":{"@id":"https:\/\/www.apialarm.com\/fr\/securite-commerciale\/surveillance-video-en-direct-alarme-a-p-i\/#breadcrumb"},"inLanguage":"fr-FR","potentialAction":[{"@type":"ReadAction","target":["https:\/\/www.apialarm.com\/fr\/securite-commerciale\/surveillance-video-en-direct-alarme-a-p-i\/"]}]},{"@type":"BreadcrumbList","@id":"https:\/\/www.apialarm.com\/fr\/securite-commerciale\/surveillance-video-en-direct-alarme-a-p-i\/#breadcrumb","itemListElement":[{"@type":"ListItem","position":1,"name":"Accueil","item":"https:\/\/www.apialarm.com\/fr\/a-p-i-alarm-systemes-de-securite-et-surveillance-des-alarmes\/"},{"@type":"ListItem","position":2,"name":"Solutions de s\u00e9curit\u00e9 commerciale et surveillance d&#8217;alarme | a.p.i. ALARM","item":"https:\/\/www.apialarm.com\/fr\/securite-commerciale\/"},{"@type":"ListItem","position":3,"name":"Surveillance vid\u00e9o en direct am\u00e9lior\u00e9e par l&#8217;IA | a.p.i. ALARM"}]},{"@type":"WebSite","@id":"https:\/\/www.apialarm.com\/fr\/#website","url":"https:\/\/www.apialarm.com\/fr\/","name":"a.p.i. ALARM","description":"a.p.i. ALARM | Solutions de s\u00e9curit\u00e9 r\u00e9sidentielle et commerciale et surveillance des alarmes","publisher":{"@id":"https:\/\/www.apialarm.com\/fr\/#organization"},"potentialAction":[{"@type":"SearchAction","target":{"@type":"EntryPoint","urlTemplate":"https:\/\/www.apialarm.com\/fr\/?s={search_term_string}"},"query-input":"required name=search_term_string"}],"inLanguage":"fr-FR"},{"@type":"Organization","@id":"https:\/\/www.apialarm.com\/fr\/#organization","name":"a.p.i. ALARM","url":"https:\/\/www.apialarm.com\/fr\/","logo":{"@type":"ImageObject","inLanguage":"fr-FR","@id":"https:\/\/www.apialarm.com\/fr\/#\/schema\/logo\/image\/","url":"https:\/\/www.apialarm.com\/wp-content\/uploads\/2023\/08\/api-alarm.png","contentUrl":"https:\/\/www.apialarm.com\/wp-content\/uploads\/2023\/08\/api-alarm.png","width":696,"height":696,"caption":"a.p.i. ALARM"},"image":{"@id":"https:\/\/www.apialarm.com\/fr\/#\/schema\/logo\/image\/"}}]}},"_links":{"self":[{"href":"https:\/\/www.apialarm.com\/fr\/wp-json\/wp\/v2\/pages\/6856"}],"collection":[{"href":"https:\/\/www.apialarm.com\/fr\/wp-json\/wp\/v2\/pages"}],"about":[{"href":"https:\/\/www.apialarm.com\/fr\/wp-json\/wp\/v2\/types\/page"}],"author":[{"embeddable":true,"href":"https:\/\/www.apialarm.com\/fr\/wp-json\/wp\/v2\/users\/4"}],"replies":[{"embeddable":true,"href":"https:\/\/www.apialarm.com\/fr\/wp-json\/wp\/v2\/comments?post=6856"}],"version-history":[{"count":3,"href":"https:\/\/www.apialarm.com\/fr\/wp-json\/wp\/v2\/pages\/6856\/revisions"}],"predecessor-version":[{"id":7734,"href":"https:\/\/www.apialarm.com\/fr\/wp-json\/wp\/v2\/pages\/6856\/revisions\/7734"}],"up":[{"embeddable":true,"href":"https:\/\/www.apialarm.com\/fr\/wp-json\/wp\/v2\/pages\/6790"}],"wp:attachment":[{"href":"https:\/\/www.apialarm.com\/fr\/wp-json\/wp\/v2\/media?parent=6856"}],"curies":[{"name":"wp","href":"https:\/\/api.w.org\/{rel}","templated":true}]}}