{"id":6842,"date":"2023-08-29T06:18:06","date_gmt":"2023-08-29T10:18:06","guid":{"rendered":"https:\/\/www.apialarm.com\/politique-de-confidentialite-du-site-web-a-p-i-alarm\/"},"modified":"2025-07-30T03:22:16","modified_gmt":"2025-07-30T07:22:16","slug":"politique-de-confidentialite-du-site-web-a-p-i-alarm","status":"publish","type":"page","link":"https:\/\/www.apialarm.com\/fr\/politique-de-confidentialite-du-site-web-a-p-i-alarm\/","title":{"rendered":"Politique de confidentialit\u00e9 du site web | a.p.i. ALARM"},"content":{"rendered":"","protected":false},"excerpt":{"rendered":"","protected":false},"author":5,"featured_media":0,"parent":0,"menu_order":0,"comment_status":"closed","ping_status":"open","template":"","meta":{"footnotes":""},"acf":[],"yoast_head":"<title>Politique de confidentialit\u00e9 du site web | a.p.i. ALARM<\/title>\n<meta name=\"description\" content=\"La politique de confidentialit\u00e9 du site web d&#039;a.p.i. ALARM indique comment nous utilisons et prot\u00e9geons les informations personnelles associ\u00e9es \u00e0 ce site web.\" \/>\n<meta name=\"robots\" content=\"index, follow, max-snippet:-1, max-image-preview:large, max-video-preview:-1\" \/>\n<link rel=\"canonical\" href=\"https:\/\/www.apialarm.com\/fr\/wp-json\/wp\/v2\/pages\/6842\" \/>\n<meta property=\"og:locale\" content=\"fr_FR\" \/>\n<meta property=\"og:type\" content=\"article\" \/>\n<meta property=\"og:title\" content=\"Politique de confidentialit\u00e9 du site web | a.p.i. ALARM\" \/>\n<meta property=\"og:description\" content=\"La politique de confidentialit\u00e9 du site web d&#039;a.p.i. ALARM indique comment nous utilisons et prot\u00e9geons les informations personnelles associ\u00e9es \u00e0 ce site web.\" \/>\n<meta property=\"og:url\" content=\"https:\/\/www.apialarm.com\/fr\/wp-json\/wp\/v2\/pages\/6842\" \/>\n<meta property=\"og:site_name\" content=\"a.p.i. ALARM\" \/>\n<meta property=\"article:modified_time\" content=\"2025-07-30T07:22:16+00:00\" \/>\n<meta property=\"og:image\" content=\"https:\/\/www.apialarm.com\/wp-content\/uploads\/2023\/09\/api-ALARM-ogfb.jpg\" \/>\n\t<meta property=\"og:image:width\" content=\"1230\" \/>\n\t<meta property=\"og:image:height\" content=\"630\" \/>\n\t<meta property=\"og:image:type\" content=\"image\/jpeg\" \/>\n<meta name=\"twitter:card\" content=\"summary_large_image\" \/>\n<script type=\"application\/ld+json\" class=\"yoast-schema-graph\">{\"@context\":\"https:\/\/schema.org\",\"@graph\":[{\"@type\":\"WebPage\",\"@id\":\"https:\/\/www.apialarm.com\/fr\/wp-json\/wp\/v2\/pages\/6842\",\"url\":\"https:\/\/www.apialarm.com\/fr\/wp-json\/wp\/v2\/pages\/6842\",\"name\":\"Politique de confidentialit\u00e9 du site web | a.p.i. ALARM\",\"isPartOf\":{\"@id\":\"https:\/\/www.apialarm.com\/fr\/#website\"},\"datePublished\":\"2023-08-29T10:18:06+00:00\",\"dateModified\":\"2025-07-30T07:22:16+00:00\",\"description\":\"La politique de confidentialit\u00e9 du site web d'a.p.i. ALARM indique comment nous utilisons et prot\u00e9geons les informations personnelles associ\u00e9es \u00e0 ce site web.\",\"breadcrumb\":{\"@id\":\"https:\/\/www.apialarm.com\/fr\/politique-de-confidentialite-du-site-web-a-p-i-alarm\/#breadcrumb\"},\"inLanguage\":\"fr-FR\",\"potentialAction\":[{\"@type\":\"ReadAction\",\"target\":[\"https:\/\/www.apialarm.com\/fr\/politique-de-confidentialite-du-site-web-a-p-i-alarm\/\"]}]},{\"@type\":\"BreadcrumbList\",\"@id\":\"https:\/\/www.apialarm.com\/fr\/politique-de-confidentialite-du-site-web-a-p-i-alarm\/#breadcrumb\",\"itemListElement\":[{\"@type\":\"ListItem\",\"position\":1,\"name\":\"Accueil\",\"item\":\"https:\/\/www.apialarm.com\/fr\/a-p-i-alarm-systemes-de-securite-et-surveillance-des-alarmes\/\"},{\"@type\":\"ListItem\",\"position\":2,\"name\":\"Politique de confidentialit\u00e9 du site web | a.p.i. ALARM\"}]},{\"@type\":\"WebSite\",\"@id\":\"https:\/\/www.apialarm.com\/fr\/#website\",\"url\":\"https:\/\/www.apialarm.com\/fr\/\",\"name\":\"a.p.i. ALARM\",\"description\":\"a.p.i. ALARM | Solutions de s\u00e9curit\u00e9 r\u00e9sidentielle et commerciale et surveillance des alarmes\",\"publisher\":{\"@id\":\"https:\/\/www.apialarm.com\/fr\/#organization\"},\"potentialAction\":[{\"@type\":\"SearchAction\",\"target\":{\"@type\":\"EntryPoint\",\"urlTemplate\":\"https:\/\/www.apialarm.com\/fr\/?s={search_term_string}\"},\"query-input\":\"required name=search_term_string\"}],\"inLanguage\":\"fr-FR\"},{\"@type\":\"Organization\",\"@id\":\"https:\/\/www.apialarm.com\/fr\/#organization\",\"name\":\"a.p.i. ALARM\",\"url\":\"https:\/\/www.apialarm.com\/fr\/\",\"logo\":{\"@type\":\"ImageObject\",\"inLanguage\":\"fr-FR\",\"@id\":\"https:\/\/www.apialarm.com\/fr\/#\/schema\/logo\/image\/\",\"url\":\"https:\/\/www.apialarm.com\/wp-content\/uploads\/2023\/08\/api-alarm.png\",\"contentUrl\":\"https:\/\/www.apialarm.com\/wp-content\/uploads\/2023\/08\/api-alarm.png\",\"width\":696,\"height\":696,\"caption\":\"a.p.i. ALARM\"},\"image\":{\"@id\":\"https:\/\/www.apialarm.com\/fr\/#\/schema\/logo\/image\/\"}}]}<\/script>","yoast_head_json":{"title":"Politique de confidentialit\u00e9 du site web | a.p.i. ALARM","description":"La politique de confidentialit\u00e9 du site web d'a.p.i. ALARM indique comment nous utilisons et prot\u00e9geons les informations personnelles associ\u00e9es \u00e0 ce site web.","robots":{"index":"index","follow":"follow","max-snippet":"max-snippet:-1","max-image-preview":"max-image-preview:large","max-video-preview":"max-video-preview:-1"},"canonical":"https:\/\/www.apialarm.com\/fr\/wp-json\/wp\/v2\/pages\/6842","og_locale":"fr_FR","og_type":"article","og_title":"Politique de confidentialit\u00e9 du site web | a.p.i. ALARM","og_description":"La politique de confidentialit\u00e9 du site web d'a.p.i. ALARM indique comment nous utilisons et prot\u00e9geons les informations personnelles associ\u00e9es \u00e0 ce site web.","og_url":"https:\/\/www.apialarm.com\/fr\/wp-json\/wp\/v2\/pages\/6842","og_site_name":"a.p.i. ALARM","article_modified_time":"2025-07-30T07:22:16+00:00","og_image":[{"width":1230,"height":630,"url":"https:\/\/www.apialarm.com\/wp-content\/uploads\/2023\/09\/api-ALARM-ogfb.jpg","type":"image\/jpeg"}],"twitter_card":"summary_large_image","schema":{"@context":"https:\/\/schema.org","@graph":[{"@type":"WebPage","@id":"https:\/\/www.apialarm.com\/fr\/wp-json\/wp\/v2\/pages\/6842","url":"https:\/\/www.apialarm.com\/fr\/wp-json\/wp\/v2\/pages\/6842","name":"Politique de confidentialit\u00e9 du site web | a.p.i. ALARM","isPartOf":{"@id":"https:\/\/www.apialarm.com\/fr\/#website"},"datePublished":"2023-08-29T10:18:06+00:00","dateModified":"2025-07-30T07:22:16+00:00","description":"La politique de confidentialit\u00e9 du site web d'a.p.i. ALARM indique comment nous utilisons et prot\u00e9geons les informations personnelles associ\u00e9es \u00e0 ce site web.","breadcrumb":{"@id":"https:\/\/www.apialarm.com\/fr\/politique-de-confidentialite-du-site-web-a-p-i-alarm\/#breadcrumb"},"inLanguage":"fr-FR","potentialAction":[{"@type":"ReadAction","target":["https:\/\/www.apialarm.com\/fr\/politique-de-confidentialite-du-site-web-a-p-i-alarm\/"]}]},{"@type":"BreadcrumbList","@id":"https:\/\/www.apialarm.com\/fr\/politique-de-confidentialite-du-site-web-a-p-i-alarm\/#breadcrumb","itemListElement":[{"@type":"ListItem","position":1,"name":"Accueil","item":"https:\/\/www.apialarm.com\/fr\/a-p-i-alarm-systemes-de-securite-et-surveillance-des-alarmes\/"},{"@type":"ListItem","position":2,"name":"Politique de confidentialit\u00e9 du site web | a.p.i. ALARM"}]},{"@type":"WebSite","@id":"https:\/\/www.apialarm.com\/fr\/#website","url":"https:\/\/www.apialarm.com\/fr\/","name":"a.p.i. ALARM","description":"a.p.i. ALARM | Solutions de s\u00e9curit\u00e9 r\u00e9sidentielle et commerciale et surveillance des alarmes","publisher":{"@id":"https:\/\/www.apialarm.com\/fr\/#organization"},"potentialAction":[{"@type":"SearchAction","target":{"@type":"EntryPoint","urlTemplate":"https:\/\/www.apialarm.com\/fr\/?s={search_term_string}"},"query-input":"required name=search_term_string"}],"inLanguage":"fr-FR"},{"@type":"Organization","@id":"https:\/\/www.apialarm.com\/fr\/#organization","name":"a.p.i. ALARM","url":"https:\/\/www.apialarm.com\/fr\/","logo":{"@type":"ImageObject","inLanguage":"fr-FR","@id":"https:\/\/www.apialarm.com\/fr\/#\/schema\/logo\/image\/","url":"https:\/\/www.apialarm.com\/wp-content\/uploads\/2023\/08\/api-alarm.png","contentUrl":"https:\/\/www.apialarm.com\/wp-content\/uploads\/2023\/08\/api-alarm.png","width":696,"height":696,"caption":"a.p.i. ALARM"},"image":{"@id":"https:\/\/www.apialarm.com\/fr\/#\/schema\/logo\/image\/"}}]}},"_links":{"self":[{"href":"https:\/\/www.apialarm.com\/fr\/wp-json\/wp\/v2\/pages\/6842"}],"collection":[{"href":"https:\/\/www.apialarm.com\/fr\/wp-json\/wp\/v2\/pages"}],"about":[{"href":"https:\/\/www.apialarm.com\/fr\/wp-json\/wp\/v2\/types\/page"}],"author":[{"embeddable":true,"href":"https:\/\/www.apialarm.com\/fr\/wp-json\/wp\/v2\/users\/5"}],"replies":[{"embeddable":true,"href":"https:\/\/www.apialarm.com\/fr\/wp-json\/wp\/v2\/comments?post=6842"}],"version-history":[{"count":1,"href":"https:\/\/www.apialarm.com\/fr\/wp-json\/wp\/v2\/pages\/6842\/revisions"}],"predecessor-version":[{"id":6967,"href":"https:\/\/www.apialarm.com\/fr\/wp-json\/wp\/v2\/pages\/6842\/revisions\/6967"}],"wp:attachment":[{"href":"https:\/\/www.apialarm.com\/fr\/wp-json\/wp\/v2\/media?parent=6842"}],"curies":[{"name":"wp","href":"https:\/\/api.w.org\/{rel}","templated":true}]}}