{"id":6811,"date":"2023-08-29T18:30:17","date_gmt":"2023-08-29T22:30:17","guid":{"rendered":"https:\/\/www.apialarm.com\/alarmes-medicales-avec-detection-de-chute-a-p-i-alarm\/"},"modified":"2025-10-22T11:56:56","modified_gmt":"2025-10-22T15:56:56","slug":"alarmes-medicales-avec-detection-de-chute-a-p-i-alarm","status":"publish","type":"page","link":"https:\/\/www.apialarm.com\/fr\/alarmes-medicales-avec-detection-de-chute-a-p-i-alarm\/","title":{"rendered":"Alarmes m\u00e9dicales avec d\u00e9tection de chute | a.p.i. ALARM"},"content":{"rendered":"","protected":false},"excerpt":{"rendered":"","protected":false},"author":5,"featured_media":0,"parent":0,"menu_order":0,"comment_status":"closed","ping_status":"closed","template":"","meta":{"footnotes":""},"acf":[],"yoast_head":"<title>Alarmes m\u00e9dicales avec d\u00e9tection de chute | a.p.i. ALARM<\/title>\n<meta name=\"description\" content=\"Renseignez-vous sur nos alarmes m\u00e9dicales avec d\u00e9tection de chute. Connect\u00e9es sans fil \u00e0 notre station de surveillance avec des op\u00e9rateurs disponibles 24 heures sur 24 et 7 jours sur 7.\" \/>\n<meta name=\"robots\" content=\"index, follow, max-snippet:-1, max-image-preview:large, max-video-preview:-1\" \/>\n<link rel=\"canonical\" href=\"https:\/\/www.apialarm.com\/fr\/wp-json\/wp\/v2\/pages\/6811\" \/>\n<meta property=\"og:locale\" content=\"fr_FR\" \/>\n<meta property=\"og:type\" content=\"article\" \/>\n<meta property=\"og:title\" content=\"Alarmes m\u00e9dicales et pendentifs de d\u00e9tection de chute\" \/>\n<meta property=\"og:description\" content=\"Obtenez une alarme m\u00e9dicale avec pendentif de d\u00e9tection de chute qui se connecte \u00e0 un op\u00e9rateur d&#039;urgence sur simple pression d&#039;un bouton ou instantan\u00e9ment apr\u00e8s une chute.\" \/>\n<meta property=\"og:url\" content=\"https:\/\/www.apialarm.com\/fr\/wp-json\/wp\/v2\/pages\/6811\" \/>\n<meta property=\"og:site_name\" content=\"a.p.i. ALARM\" \/>\n<meta property=\"article:modified_time\" content=\"2025-10-22T15:56:56+00:00\" \/>\n<meta property=\"og:image\" content=\"http:\/\/apialarm.com\/wp-content\/uploads\/2023\/07\/api-alarm-logo-Retina.png\" \/>\n<meta name=\"twitter:card\" content=\"summary_large_image\" \/>\n<meta name=\"twitter:title\" content=\"Alarmes m\u00e9dicales et pendentifs de d\u00e9tection de chute\" \/>\n<meta name=\"twitter:description\" content=\"Obtenez une alarme m\u00e9dicale avec pendentif de d\u00e9tection de chute qui se connecte \u00e0 un op\u00e9rateur d&#039;urgence sur simple pression d&#039;un bouton ou instantan\u00e9ment apr\u00e8s une chute.\" \/>\n<meta name=\"twitter:image\" content=\"http:\/\/apialarm.com\/wp-content\/uploads\/2023\/07\/api-alarm-logo-Retina.png\" \/>\n<script type=\"application\/ld+json\" class=\"yoast-schema-graph\">{\"@context\":\"https:\/\/schema.org\",\"@graph\":[{\"@type\":\"WebPage\",\"@id\":\"https:\/\/www.apialarm.com\/fr\/wp-json\/wp\/v2\/pages\/6811\",\"url\":\"https:\/\/www.apialarm.com\/fr\/wp-json\/wp\/v2\/pages\/6811\",\"name\":\"Alarmes m\u00e9dicales avec d\u00e9tection de chute | a.p.i. ALARM\",\"isPartOf\":{\"@id\":\"https:\/\/www.apialarm.com\/fr\/#website\"},\"datePublished\":\"2023-08-29T22:30:17+00:00\",\"dateModified\":\"2025-10-22T15:56:56+00:00\",\"description\":\"Renseignez-vous sur nos alarmes m\u00e9dicales avec d\u00e9tection de chute. Connect\u00e9es sans fil \u00e0 notre station de surveillance avec des op\u00e9rateurs disponibles 24 heures sur 24 et 7 jours sur 7.\",\"breadcrumb\":{\"@id\":\"https:\/\/www.apialarm.com\/fr\/alarmes-medicales-avec-detection-de-chute-a-p-i-alarm\/#breadcrumb\"},\"inLanguage\":\"fr-FR\",\"potentialAction\":[{\"@type\":\"ReadAction\",\"target\":[\"https:\/\/www.apialarm.com\/fr\/alarmes-medicales-avec-detection-de-chute-a-p-i-alarm\/\"]}]},{\"@type\":\"BreadcrumbList\",\"@id\":\"https:\/\/www.apialarm.com\/fr\/alarmes-medicales-avec-detection-de-chute-a-p-i-alarm\/#breadcrumb\",\"itemListElement\":[{\"@type\":\"ListItem\",\"position\":1,\"name\":\"Accueil\",\"item\":\"https:\/\/www.apialarm.com\/fr\/a-p-i-alarm-systemes-de-securite-et-surveillance-des-alarmes\/\"},{\"@type\":\"ListItem\",\"position\":2,\"name\":\"Alarmes m\u00e9dicales avec d\u00e9tection de chute | a.p.i. ALARM\"}]},{\"@type\":\"WebSite\",\"@id\":\"https:\/\/www.apialarm.com\/fr\/#website\",\"url\":\"https:\/\/www.apialarm.com\/fr\/\",\"name\":\"a.p.i. ALARM\",\"description\":\"a.p.i. ALARM | Solutions de s\u00e9curit\u00e9 r\u00e9sidentielle et commerciale et surveillance des alarmes\",\"publisher\":{\"@id\":\"https:\/\/www.apialarm.com\/fr\/#organization\"},\"potentialAction\":[{\"@type\":\"SearchAction\",\"target\":{\"@type\":\"EntryPoint\",\"urlTemplate\":\"https:\/\/www.apialarm.com\/fr\/?s={search_term_string}\"},\"query-input\":\"required name=search_term_string\"}],\"inLanguage\":\"fr-FR\"},{\"@type\":\"Organization\",\"@id\":\"https:\/\/www.apialarm.com\/fr\/#organization\",\"name\":\"a.p.i. ALARM\",\"url\":\"https:\/\/www.apialarm.com\/fr\/\",\"logo\":{\"@type\":\"ImageObject\",\"inLanguage\":\"fr-FR\",\"@id\":\"https:\/\/www.apialarm.com\/fr\/#\/schema\/logo\/image\/\",\"url\":\"https:\/\/www.apialarm.com\/wp-content\/uploads\/2023\/08\/api-alarm.png\",\"contentUrl\":\"https:\/\/www.apialarm.com\/wp-content\/uploads\/2023\/08\/api-alarm.png\",\"width\":696,\"height\":696,\"caption\":\"a.p.i. ALARM\"},\"image\":{\"@id\":\"https:\/\/www.apialarm.com\/fr\/#\/schema\/logo\/image\/\"}}]}<\/script>","yoast_head_json":{"title":"Alarmes m\u00e9dicales avec d\u00e9tection de chute | a.p.i. ALARM","description":"Renseignez-vous sur nos alarmes m\u00e9dicales avec d\u00e9tection de chute. Connect\u00e9es sans fil \u00e0 notre station de surveillance avec des op\u00e9rateurs disponibles 24 heures sur 24 et 7 jours sur 7.","robots":{"index":"index","follow":"follow","max-snippet":"max-snippet:-1","max-image-preview":"max-image-preview:large","max-video-preview":"max-video-preview:-1"},"canonical":"https:\/\/www.apialarm.com\/fr\/wp-json\/wp\/v2\/pages\/6811","og_locale":"fr_FR","og_type":"article","og_title":"Alarmes m\u00e9dicales et pendentifs de d\u00e9tection de chute","og_description":"Obtenez une alarme m\u00e9dicale avec pendentif de d\u00e9tection de chute qui se connecte \u00e0 un op\u00e9rateur d'urgence sur simple pression d'un bouton ou instantan\u00e9ment apr\u00e8s une chute.","og_url":"https:\/\/www.apialarm.com\/fr\/wp-json\/wp\/v2\/pages\/6811","og_site_name":"a.p.i. ALARM","article_modified_time":"2025-10-22T15:56:56+00:00","og_image":[{"url":"http:\/\/apialarm.com\/wp-content\/uploads\/2023\/07\/api-alarm-logo-Retina.png"}],"twitter_card":"summary_large_image","twitter_title":"Alarmes m\u00e9dicales et pendentifs de d\u00e9tection de chute","twitter_description":"Obtenez une alarme m\u00e9dicale avec pendentif de d\u00e9tection de chute qui se connecte \u00e0 un op\u00e9rateur d'urgence sur simple pression d'un bouton ou instantan\u00e9ment apr\u00e8s une chute.","twitter_image":"http:\/\/apialarm.com\/wp-content\/uploads\/2023\/07\/api-alarm-logo-Retina.png","schema":{"@context":"https:\/\/schema.org","@graph":[{"@type":"WebPage","@id":"https:\/\/www.apialarm.com\/fr\/wp-json\/wp\/v2\/pages\/6811","url":"https:\/\/www.apialarm.com\/fr\/wp-json\/wp\/v2\/pages\/6811","name":"Alarmes m\u00e9dicales avec d\u00e9tection de chute | a.p.i. ALARM","isPartOf":{"@id":"https:\/\/www.apialarm.com\/fr\/#website"},"datePublished":"2023-08-29T22:30:17+00:00","dateModified":"2025-10-22T15:56:56+00:00","description":"Renseignez-vous sur nos alarmes m\u00e9dicales avec d\u00e9tection de chute. Connect\u00e9es sans fil \u00e0 notre station de surveillance avec des op\u00e9rateurs disponibles 24 heures sur 24 et 7 jours sur 7.","breadcrumb":{"@id":"https:\/\/www.apialarm.com\/fr\/alarmes-medicales-avec-detection-de-chute-a-p-i-alarm\/#breadcrumb"},"inLanguage":"fr-FR","potentialAction":[{"@type":"ReadAction","target":["https:\/\/www.apialarm.com\/fr\/alarmes-medicales-avec-detection-de-chute-a-p-i-alarm\/"]}]},{"@type":"BreadcrumbList","@id":"https:\/\/www.apialarm.com\/fr\/alarmes-medicales-avec-detection-de-chute-a-p-i-alarm\/#breadcrumb","itemListElement":[{"@type":"ListItem","position":1,"name":"Accueil","item":"https:\/\/www.apialarm.com\/fr\/a-p-i-alarm-systemes-de-securite-et-surveillance-des-alarmes\/"},{"@type":"ListItem","position":2,"name":"Alarmes m\u00e9dicales avec d\u00e9tection de chute | a.p.i. ALARM"}]},{"@type":"WebSite","@id":"https:\/\/www.apialarm.com\/fr\/#website","url":"https:\/\/www.apialarm.com\/fr\/","name":"a.p.i. ALARM","description":"a.p.i. ALARM | Solutions de s\u00e9curit\u00e9 r\u00e9sidentielle et commerciale et surveillance des alarmes","publisher":{"@id":"https:\/\/www.apialarm.com\/fr\/#organization"},"potentialAction":[{"@type":"SearchAction","target":{"@type":"EntryPoint","urlTemplate":"https:\/\/www.apialarm.com\/fr\/?s={search_term_string}"},"query-input":"required name=search_term_string"}],"inLanguage":"fr-FR"},{"@type":"Organization","@id":"https:\/\/www.apialarm.com\/fr\/#organization","name":"a.p.i. ALARM","url":"https:\/\/www.apialarm.com\/fr\/","logo":{"@type":"ImageObject","inLanguage":"fr-FR","@id":"https:\/\/www.apialarm.com\/fr\/#\/schema\/logo\/image\/","url":"https:\/\/www.apialarm.com\/wp-content\/uploads\/2023\/08\/api-alarm.png","contentUrl":"https:\/\/www.apialarm.com\/wp-content\/uploads\/2023\/08\/api-alarm.png","width":696,"height":696,"caption":"a.p.i. ALARM"},"image":{"@id":"https:\/\/www.apialarm.com\/fr\/#\/schema\/logo\/image\/"}}]}},"_links":{"self":[{"href":"https:\/\/www.apialarm.com\/fr\/wp-json\/wp\/v2\/pages\/6811"}],"collection":[{"href":"https:\/\/www.apialarm.com\/fr\/wp-json\/wp\/v2\/pages"}],"about":[{"href":"https:\/\/www.apialarm.com\/fr\/wp-json\/wp\/v2\/types\/page"}],"author":[{"embeddable":true,"href":"https:\/\/www.apialarm.com\/fr\/wp-json\/wp\/v2\/users\/5"}],"replies":[{"embeddable":true,"href":"https:\/\/www.apialarm.com\/fr\/wp-json\/wp\/v2\/comments?post=6811"}],"version-history":[{"count":5,"href":"https:\/\/www.apialarm.com\/fr\/wp-json\/wp\/v2\/pages\/6811\/revisions"}],"predecessor-version":[{"id":7490,"href":"https:\/\/www.apialarm.com\/fr\/wp-json\/wp\/v2\/pages\/6811\/revisions\/7490"}],"wp:attachment":[{"href":"https:\/\/www.apialarm.com\/fr\/wp-json\/wp\/v2\/media?parent=6811"}],"curies":[{"name":"wp","href":"https:\/\/api.w.org\/{rel}","templated":true}]}}