{"id":6810,"date":"2024-05-01T22:24:38","date_gmt":"2024-05-02T02:24:38","guid":{"rendered":"https:\/\/www.apialarm.com\/solutions-de-securite-commerciale-et-surveillance-dalarme-a-p-i-alarm\/services-de-surveillance-des-alarmes-incendie-ulc-a-p-i-alarm\/"},"modified":"2025-10-22T11:57:28","modified_gmt":"2025-10-22T15:57:28","slug":"services-de-surveillance-des-alarmes-incendie-ulc-a-p-i-alarm","status":"publish","type":"page","link":"https:\/\/www.apialarm.com\/fr\/securite-commerciale\/services-de-surveillance-des-alarmes-incendie-ulc-a-p-i-alarm\/","title":{"rendered":"Services de surveillance des alarmes incendie ULC | a.p.i. ALARM"},"content":{"rendered":"","protected":false},"excerpt":{"rendered":"","protected":false},"author":4,"featured_media":0,"parent":6790,"menu_order":0,"comment_status":"closed","ping_status":"closed","template":"","meta":{"footnotes":""},"acf":[],"yoast_head":"<title>Service de surveillance des alarmes incendie | a.p.i. ALARM<\/title>\n<meta name=\"description\" content=\"Nous assurons la surveillance des alarmes incendie ULC dans tout le pays pour les syst\u00e8mes d&#039;alarme incendie nouveaux et anciens. Notre service de surveillance des incendies ULC s&#039;int\u00e8gre rapidement et facilement \u00e0 toutes les alarmes incendie.\" \/>\n<meta name=\"robots\" content=\"index, follow, max-snippet:-1, max-image-preview:large, max-video-preview:-1\" \/>\n<link rel=\"canonical\" href=\"https:\/\/www.apialarm.com\/fr\/wp-json\/wp\/v2\/pages\/6810\" \/>\n<meta property=\"og:locale\" content=\"fr_FR\" \/>\n<meta property=\"og:type\" content=\"article\" \/>\n<meta property=\"og:title\" content=\"Surveillance des alarmes incendie ULC et surveillance des extincteurs automatiques ULC\" \/>\n<meta property=\"og:description\" content=\"Nous assurons la surveillance des alarmes incendie ULC et la surveillance des gicleurs pour les copropri\u00e9t\u00e9s et les appartements, les b\u00e2timents commerciaux, les commerces de d\u00e9tail, les \u00e9tablissements h\u00f4teliers, les institutions et les b\u00e2timents industriels.\" \/>\n<meta property=\"og:url\" content=\"https:\/\/www.apialarm.com\/fr\/wp-json\/wp\/v2\/pages\/6810\" \/>\n<meta property=\"og:site_name\" content=\"a.p.i. ALARM\" \/>\n<meta property=\"article:modified_time\" content=\"2025-10-22T15:57:28+00:00\" \/>\n<meta property=\"og:image\" content=\"http:\/\/apialarm.com\/wp-content\/uploads\/2023\/07\/api-alarm-logo-Retina.png\" \/>\n<meta name=\"twitter:card\" content=\"summary_large_image\" \/>\n<meta name=\"twitter:title\" content=\"Surveillance des alarmes incendie ULC et surveillance des extincteurs automatiques ULC\" \/>\n<meta name=\"twitter:description\" content=\"Nous assurons la surveillance des alarmes incendie ULC et la surveillance des gicleurs pour les copropri\u00e9t\u00e9s et les appartements, les b\u00e2timents commerciaux, les commerces de d\u00e9tail, les \u00e9tablissements h\u00f4teliers, les institutions et les b\u00e2timents industriels.\" \/>\n<meta name=\"twitter:image\" content=\"http:\/\/apialarm.com\/wp-content\/uploads\/2023\/07\/api-alarm-logo-Retina.png\" \/>\n<script type=\"application\/ld+json\" class=\"yoast-schema-graph\">{\"@context\":\"https:\/\/schema.org\",\"@graph\":[{\"@type\":\"WebPage\",\"@id\":\"https:\/\/www.apialarm.com\/fr\/wp-json\/wp\/v2\/pages\/6810\",\"url\":\"https:\/\/www.apialarm.com\/fr\/wp-json\/wp\/v2\/pages\/6810\",\"name\":\"Service de surveillance des alarmes incendie | a.p.i. ALARM\",\"isPartOf\":{\"@id\":\"https:\/\/www.apialarm.com\/fr\/#website\"},\"datePublished\":\"2024-05-02T02:24:38+00:00\",\"dateModified\":\"2025-10-22T15:57:28+00:00\",\"description\":\"Nous assurons la surveillance des alarmes incendie ULC dans tout le pays pour les syst\u00e8mes d'alarme incendie nouveaux et anciens. Notre service de surveillance des incendies ULC s'int\u00e8gre rapidement et facilement \u00e0 toutes les alarmes incendie.\",\"breadcrumb\":{\"@id\":\"https:\/\/www.apialarm.com\/fr\/securite-commerciale\/services-de-surveillance-des-alarmes-incendie-ulc-a-p-i-alarm\/#breadcrumb\"},\"inLanguage\":\"fr-FR\",\"potentialAction\":[{\"@type\":\"ReadAction\",\"target\":[\"https:\/\/www.apialarm.com\/fr\/securite-commerciale\/services-de-surveillance-des-alarmes-incendie-ulc-a-p-i-alarm\/\"]}]},{\"@type\":\"BreadcrumbList\",\"@id\":\"https:\/\/www.apialarm.com\/fr\/securite-commerciale\/services-de-surveillance-des-alarmes-incendie-ulc-a-p-i-alarm\/#breadcrumb\",\"itemListElement\":[{\"@type\":\"ListItem\",\"position\":1,\"name\":\"Accueil\",\"item\":\"https:\/\/www.apialarm.com\/fr\/a-p-i-alarm-systemes-de-securite-et-surveillance-des-alarmes\/\"},{\"@type\":\"ListItem\",\"position\":2,\"name\":\"Solutions de s\u00e9curit\u00e9 commerciale et surveillance d&#8217;alarme | a.p.i. ALARM\",\"item\":\"https:\/\/www.apialarm.com\/fr\/securite-commerciale\/\"},{\"@type\":\"ListItem\",\"position\":3,\"name\":\"Services de surveillance des alarmes incendie ULC | a.p.i. ALARM\"}]},{\"@type\":\"WebSite\",\"@id\":\"https:\/\/www.apialarm.com\/fr\/#website\",\"url\":\"https:\/\/www.apialarm.com\/fr\/\",\"name\":\"a.p.i. ALARM\",\"description\":\"a.p.i. ALARM | Solutions de s\u00e9curit\u00e9 r\u00e9sidentielle et commerciale et surveillance des alarmes\",\"publisher\":{\"@id\":\"https:\/\/www.apialarm.com\/fr\/#organization\"},\"potentialAction\":[{\"@type\":\"SearchAction\",\"target\":{\"@type\":\"EntryPoint\",\"urlTemplate\":\"https:\/\/www.apialarm.com\/fr\/?s={search_term_string}\"},\"query-input\":\"required name=search_term_string\"}],\"inLanguage\":\"fr-FR\"},{\"@type\":\"Organization\",\"@id\":\"https:\/\/www.apialarm.com\/fr\/#organization\",\"name\":\"a.p.i. ALARM\",\"url\":\"https:\/\/www.apialarm.com\/fr\/\",\"logo\":{\"@type\":\"ImageObject\",\"inLanguage\":\"fr-FR\",\"@id\":\"https:\/\/www.apialarm.com\/fr\/#\/schema\/logo\/image\/\",\"url\":\"https:\/\/www.apialarm.com\/wp-content\/uploads\/2023\/08\/api-alarm.png\",\"contentUrl\":\"https:\/\/www.apialarm.com\/wp-content\/uploads\/2023\/08\/api-alarm.png\",\"width\":696,\"height\":696,\"caption\":\"a.p.i. ALARM\"},\"image\":{\"@id\":\"https:\/\/www.apialarm.com\/fr\/#\/schema\/logo\/image\/\"}}]}<\/script>","yoast_head_json":{"title":"Service de surveillance des alarmes incendie | a.p.i. ALARM","description":"Nous assurons la surveillance des alarmes incendie ULC dans tout le pays pour les syst\u00e8mes d'alarme incendie nouveaux et anciens. Notre service de surveillance des incendies ULC s'int\u00e8gre rapidement et facilement \u00e0 toutes les alarmes incendie.","robots":{"index":"index","follow":"follow","max-snippet":"max-snippet:-1","max-image-preview":"max-image-preview:large","max-video-preview":"max-video-preview:-1"},"canonical":"https:\/\/www.apialarm.com\/fr\/wp-json\/wp\/v2\/pages\/6810","og_locale":"fr_FR","og_type":"article","og_title":"Surveillance des alarmes incendie ULC et surveillance des extincteurs automatiques ULC","og_description":"Nous assurons la surveillance des alarmes incendie ULC et la surveillance des gicleurs pour les copropri\u00e9t\u00e9s et les appartements, les b\u00e2timents commerciaux, les commerces de d\u00e9tail, les \u00e9tablissements h\u00f4teliers, les institutions et les b\u00e2timents industriels.","og_url":"https:\/\/www.apialarm.com\/fr\/wp-json\/wp\/v2\/pages\/6810","og_site_name":"a.p.i. ALARM","article_modified_time":"2025-10-22T15:57:28+00:00","og_image":[{"url":"http:\/\/apialarm.com\/wp-content\/uploads\/2023\/07\/api-alarm-logo-Retina.png"}],"twitter_card":"summary_large_image","twitter_title":"Surveillance des alarmes incendie ULC et surveillance des extincteurs automatiques ULC","twitter_description":"Nous assurons la surveillance des alarmes incendie ULC et la surveillance des gicleurs pour les copropri\u00e9t\u00e9s et les appartements, les b\u00e2timents commerciaux, les commerces de d\u00e9tail, les \u00e9tablissements h\u00f4teliers, les institutions et les b\u00e2timents industriels.","twitter_image":"http:\/\/apialarm.com\/wp-content\/uploads\/2023\/07\/api-alarm-logo-Retina.png","schema":{"@context":"https:\/\/schema.org","@graph":[{"@type":"WebPage","@id":"https:\/\/www.apialarm.com\/fr\/wp-json\/wp\/v2\/pages\/6810","url":"https:\/\/www.apialarm.com\/fr\/wp-json\/wp\/v2\/pages\/6810","name":"Service de surveillance des alarmes incendie | a.p.i. ALARM","isPartOf":{"@id":"https:\/\/www.apialarm.com\/fr\/#website"},"datePublished":"2024-05-02T02:24:38+00:00","dateModified":"2025-10-22T15:57:28+00:00","description":"Nous assurons la surveillance des alarmes incendie ULC dans tout le pays pour les syst\u00e8mes d'alarme incendie nouveaux et anciens. Notre service de surveillance des incendies ULC s'int\u00e8gre rapidement et facilement \u00e0 toutes les alarmes incendie.","breadcrumb":{"@id":"https:\/\/www.apialarm.com\/fr\/securite-commerciale\/services-de-surveillance-des-alarmes-incendie-ulc-a-p-i-alarm\/#breadcrumb"},"inLanguage":"fr-FR","potentialAction":[{"@type":"ReadAction","target":["https:\/\/www.apialarm.com\/fr\/securite-commerciale\/services-de-surveillance-des-alarmes-incendie-ulc-a-p-i-alarm\/"]}]},{"@type":"BreadcrumbList","@id":"https:\/\/www.apialarm.com\/fr\/securite-commerciale\/services-de-surveillance-des-alarmes-incendie-ulc-a-p-i-alarm\/#breadcrumb","itemListElement":[{"@type":"ListItem","position":1,"name":"Accueil","item":"https:\/\/www.apialarm.com\/fr\/a-p-i-alarm-systemes-de-securite-et-surveillance-des-alarmes\/"},{"@type":"ListItem","position":2,"name":"Solutions de s\u00e9curit\u00e9 commerciale et surveillance d&#8217;alarme | a.p.i. ALARM","item":"https:\/\/www.apialarm.com\/fr\/securite-commerciale\/"},{"@type":"ListItem","position":3,"name":"Services de surveillance des alarmes incendie ULC | a.p.i. ALARM"}]},{"@type":"WebSite","@id":"https:\/\/www.apialarm.com\/fr\/#website","url":"https:\/\/www.apialarm.com\/fr\/","name":"a.p.i. ALARM","description":"a.p.i. ALARM | Solutions de s\u00e9curit\u00e9 r\u00e9sidentielle et commerciale et surveillance des alarmes","publisher":{"@id":"https:\/\/www.apialarm.com\/fr\/#organization"},"potentialAction":[{"@type":"SearchAction","target":{"@type":"EntryPoint","urlTemplate":"https:\/\/www.apialarm.com\/fr\/?s={search_term_string}"},"query-input":"required name=search_term_string"}],"inLanguage":"fr-FR"},{"@type":"Organization","@id":"https:\/\/www.apialarm.com\/fr\/#organization","name":"a.p.i. ALARM","url":"https:\/\/www.apialarm.com\/fr\/","logo":{"@type":"ImageObject","inLanguage":"fr-FR","@id":"https:\/\/www.apialarm.com\/fr\/#\/schema\/logo\/image\/","url":"https:\/\/www.apialarm.com\/wp-content\/uploads\/2023\/08\/api-alarm.png","contentUrl":"https:\/\/www.apialarm.com\/wp-content\/uploads\/2023\/08\/api-alarm.png","width":696,"height":696,"caption":"a.p.i. ALARM"},"image":{"@id":"https:\/\/www.apialarm.com\/fr\/#\/schema\/logo\/image\/"}}]}},"_links":{"self":[{"href":"https:\/\/www.apialarm.com\/fr\/wp-json\/wp\/v2\/pages\/6810"}],"collection":[{"href":"https:\/\/www.apialarm.com\/fr\/wp-json\/wp\/v2\/pages"}],"about":[{"href":"https:\/\/www.apialarm.com\/fr\/wp-json\/wp\/v2\/types\/page"}],"author":[{"embeddable":true,"href":"https:\/\/www.apialarm.com\/fr\/wp-json\/wp\/v2\/users\/4"}],"replies":[{"embeddable":true,"href":"https:\/\/www.apialarm.com\/fr\/wp-json\/wp\/v2\/comments?post=6810"}],"version-history":[{"count":5,"href":"https:\/\/www.apialarm.com\/fr\/wp-json\/wp\/v2\/pages\/6810\/revisions"}],"predecessor-version":[{"id":7491,"href":"https:\/\/www.apialarm.com\/fr\/wp-json\/wp\/v2\/pages\/6810\/revisions\/7491"}],"up":[{"embeddable":true,"href":"https:\/\/www.apialarm.com\/fr\/wp-json\/wp\/v2\/pages\/6790"}],"wp:attachment":[{"href":"https:\/\/www.apialarm.com\/fr\/wp-json\/wp\/v2\/media?parent=6810"}],"curies":[{"name":"wp","href":"https:\/\/api.w.org\/{rel}","templated":true}]}}