{"id":6809,"date":"2023-08-29T18:25:20","date_gmt":"2023-08-29T22:25:20","guid":{"rendered":"https:\/\/www.apialarm.com\/solutions-de-securite-residentielle-et-surveillance-dalarme-a-p-i-alarm\/reponse-aux-alarmes-residentielles-service-de-repartition-des-gardes-de-securite\/"},"modified":"2025-10-06T19:50:18","modified_gmt":"2025-10-06T23:50:18","slug":"reponse-aux-alarmes-residentielles-service-de-repartition-des-gardes-de-securite","status":"publish","type":"page","link":"https:\/\/www.apialarm.com\/fr\/securite-residentielle\/reponse-aux-alarmes-residentielles-service-de-repartition-des-gardes-de-securite\/","title":{"rendered":"R\u00e9ponse aux alarmes r\u00e9sidentielles Service de r\u00e9partition des gardes de s\u00e9curit\u00e9"},"content":{"rendered":"","protected":false},"excerpt":{"rendered":"","protected":false},"author":5,"featured_media":0,"parent":6796,"menu_order":0,"comment_status":"closed","ping_status":"closed","template":"","meta":{"footnotes":""},"acf":[],"yoast_head":"<title>Service de r\u00e9ponse aux alarmes Service de r\u00e9partition des gardes de s\u00e9curit\u00e9 | a.p.i. ALARM<\/title>\n<meta name=\"description\" content=\"Renforcez la s\u00e9curit\u00e9 de votre domicile avec l&#039;envoi d&#039;un agent de s\u00e9curit\u00e9 lorsque votre alarme est d\u00e9clench\u00e9e pour qu&#039;un agent de s\u00e9curit\u00e9 en uniforme patrouille chez vous.\" \/>\n<meta name=\"robots\" content=\"index, follow, max-snippet:-1, max-image-preview:large, max-video-preview:-1\" \/>\n<link rel=\"canonical\" href=\"https:\/\/www.apialarm.com\/fr\/wp-json\/wp\/v2\/pages\/6809\" \/>\n<meta property=\"og:locale\" content=\"fr_FR\" \/>\n<meta property=\"og:type\" content=\"article\" \/>\n<meta property=\"og:title\" content=\"R\u00e9ponse aux alarmes r\u00e9sidentielles Service de r\u00e9partition des gardes de s\u00e9curit\u00e9\" \/>\n<meta property=\"og:description\" content=\"Nous proposons des services de gardiennage \u00e0 combiner avec la surveillance de votre alarme. Lorsque votre alarme est d\u00e9clench\u00e9e, nous envoyons un gardien \u00e0 votre domicile.\" \/>\n<meta property=\"og:url\" content=\"https:\/\/www.apialarm.com\/fr\/wp-json\/wp\/v2\/pages\/6809\" \/>\n<meta property=\"og:site_name\" content=\"a.p.i. ALARM\" \/>\n<meta property=\"article:modified_time\" content=\"2025-10-06T23:50:18+00:00\" \/>\n<meta property=\"og:image\" content=\"http:\/\/apialarm.com\/wp-content\/uploads\/2023\/07\/api-alarm-logo-Retina.png\" \/>\n<meta name=\"twitter:card\" content=\"summary_large_image\" \/>\n<meta name=\"twitter:title\" content=\"R\u00e9ponse aux alarmes r\u00e9sidentielles Service de r\u00e9partition des gardes de s\u00e9curit\u00e9\" \/>\n<meta name=\"twitter:description\" content=\"Nous proposons des services de gardiennage \u00e0 combiner avec la surveillance de votre alarme. Lorsque votre alarme est d\u00e9clench\u00e9e, nous envoyons un gardien \u00e0 votre domicile.\" \/>\n<meta name=\"twitter:image\" content=\"http:\/\/apialarm.com\/wp-content\/uploads\/2023\/07\/api-alarm-logo-Retina.png\" \/>\n<script type=\"application\/ld+json\" class=\"yoast-schema-graph\">{\"@context\":\"https:\/\/schema.org\",\"@graph\":[{\"@type\":\"WebPage\",\"@id\":\"https:\/\/www.apialarm.com\/fr\/wp-json\/wp\/v2\/pages\/6809\",\"url\":\"https:\/\/www.apialarm.com\/fr\/wp-json\/wp\/v2\/pages\/6809\",\"name\":\"Service de r\u00e9ponse aux alarmes Service de r\u00e9partition des gardes de s\u00e9curit\u00e9 | a.p.i. ALARM\",\"isPartOf\":{\"@id\":\"https:\/\/www.apialarm.com\/fr\/#website\"},\"datePublished\":\"2023-08-29T22:25:20+00:00\",\"dateModified\":\"2025-10-06T23:50:18+00:00\",\"description\":\"Renforcez la s\u00e9curit\u00e9 de votre domicile avec l'envoi d'un agent de s\u00e9curit\u00e9 lorsque votre alarme est d\u00e9clench\u00e9e pour qu'un agent de s\u00e9curit\u00e9 en uniforme patrouille chez vous.\",\"breadcrumb\":{\"@id\":\"https:\/\/www.apialarm.com\/fr\/securite-residentielle\/reponse-aux-alarmes-residentielles-service-de-repartition-des-gardes-de-securite\/#breadcrumb\"},\"inLanguage\":\"fr-FR\",\"potentialAction\":[{\"@type\":\"ReadAction\",\"target\":[\"https:\/\/www.apialarm.com\/fr\/securite-residentielle\/reponse-aux-alarmes-residentielles-service-de-repartition-des-gardes-de-securite\/\"]}]},{\"@type\":\"BreadcrumbList\",\"@id\":\"https:\/\/www.apialarm.com\/fr\/securite-residentielle\/reponse-aux-alarmes-residentielles-service-de-repartition-des-gardes-de-securite\/#breadcrumb\",\"itemListElement\":[{\"@type\":\"ListItem\",\"position\":1,\"name\":\"Accueil\",\"item\":\"https:\/\/www.apialarm.com\/fr\/a-p-i-alarm-systemes-de-securite-et-surveillance-des-alarmes\/\"},{\"@type\":\"ListItem\",\"position\":2,\"name\":\"Solutions de s\u00e9curit\u00e9 r\u00e9sidentielle et surveillance d&#8217;alarme | a.p.i. ALARM\",\"item\":\"https:\/\/www.apialarm.com\/fr\/securite-residentielle\/\"},{\"@type\":\"ListItem\",\"position\":3,\"name\":\"R\u00e9ponse aux alarmes r\u00e9sidentielles Service de r\u00e9partition des gardes de s\u00e9curit\u00e9\"}]},{\"@type\":\"WebSite\",\"@id\":\"https:\/\/www.apialarm.com\/fr\/#website\",\"url\":\"https:\/\/www.apialarm.com\/fr\/\",\"name\":\"a.p.i. ALARM\",\"description\":\"a.p.i. ALARM | Solutions de s\u00e9curit\u00e9 r\u00e9sidentielle et commerciale et surveillance des alarmes\",\"publisher\":{\"@id\":\"https:\/\/www.apialarm.com\/fr\/#organization\"},\"potentialAction\":[{\"@type\":\"SearchAction\",\"target\":{\"@type\":\"EntryPoint\",\"urlTemplate\":\"https:\/\/www.apialarm.com\/fr\/?s={search_term_string}\"},\"query-input\":\"required name=search_term_string\"}],\"inLanguage\":\"fr-FR\"},{\"@type\":\"Organization\",\"@id\":\"https:\/\/www.apialarm.com\/fr\/#organization\",\"name\":\"a.p.i. ALARM\",\"url\":\"https:\/\/www.apialarm.com\/fr\/\",\"logo\":{\"@type\":\"ImageObject\",\"inLanguage\":\"fr-FR\",\"@id\":\"https:\/\/www.apialarm.com\/fr\/#\/schema\/logo\/image\/\",\"url\":\"https:\/\/www.apialarm.com\/wp-content\/uploads\/2023\/08\/api-alarm.png\",\"contentUrl\":\"https:\/\/www.apialarm.com\/wp-content\/uploads\/2023\/08\/api-alarm.png\",\"width\":696,\"height\":696,\"caption\":\"a.p.i. ALARM\"},\"image\":{\"@id\":\"https:\/\/www.apialarm.com\/fr\/#\/schema\/logo\/image\/\"}}]}<\/script>","yoast_head_json":{"title":"Service de r\u00e9ponse aux alarmes Service de r\u00e9partition des gardes de s\u00e9curit\u00e9 | a.p.i. ALARM","description":"Renforcez la s\u00e9curit\u00e9 de votre domicile avec l'envoi d'un agent de s\u00e9curit\u00e9 lorsque votre alarme est d\u00e9clench\u00e9e pour qu'un agent de s\u00e9curit\u00e9 en uniforme patrouille chez vous.","robots":{"index":"index","follow":"follow","max-snippet":"max-snippet:-1","max-image-preview":"max-image-preview:large","max-video-preview":"max-video-preview:-1"},"canonical":"https:\/\/www.apialarm.com\/fr\/wp-json\/wp\/v2\/pages\/6809","og_locale":"fr_FR","og_type":"article","og_title":"R\u00e9ponse aux alarmes r\u00e9sidentielles Service de r\u00e9partition des gardes de s\u00e9curit\u00e9","og_description":"Nous proposons des services de gardiennage \u00e0 combiner avec la surveillance de votre alarme. Lorsque votre alarme est d\u00e9clench\u00e9e, nous envoyons un gardien \u00e0 votre domicile.","og_url":"https:\/\/www.apialarm.com\/fr\/wp-json\/wp\/v2\/pages\/6809","og_site_name":"a.p.i. ALARM","article_modified_time":"2025-10-06T23:50:18+00:00","og_image":[{"url":"http:\/\/apialarm.com\/wp-content\/uploads\/2023\/07\/api-alarm-logo-Retina.png"}],"twitter_card":"summary_large_image","twitter_title":"R\u00e9ponse aux alarmes r\u00e9sidentielles Service de r\u00e9partition des gardes de s\u00e9curit\u00e9","twitter_description":"Nous proposons des services de gardiennage \u00e0 combiner avec la surveillance de votre alarme. Lorsque votre alarme est d\u00e9clench\u00e9e, nous envoyons un gardien \u00e0 votre domicile.","twitter_image":"http:\/\/apialarm.com\/wp-content\/uploads\/2023\/07\/api-alarm-logo-Retina.png","schema":{"@context":"https:\/\/schema.org","@graph":[{"@type":"WebPage","@id":"https:\/\/www.apialarm.com\/fr\/wp-json\/wp\/v2\/pages\/6809","url":"https:\/\/www.apialarm.com\/fr\/wp-json\/wp\/v2\/pages\/6809","name":"Service de r\u00e9ponse aux alarmes Service de r\u00e9partition des gardes de s\u00e9curit\u00e9 | a.p.i. ALARM","isPartOf":{"@id":"https:\/\/www.apialarm.com\/fr\/#website"},"datePublished":"2023-08-29T22:25:20+00:00","dateModified":"2025-10-06T23:50:18+00:00","description":"Renforcez la s\u00e9curit\u00e9 de votre domicile avec l'envoi d'un agent de s\u00e9curit\u00e9 lorsque votre alarme est d\u00e9clench\u00e9e pour qu'un agent de s\u00e9curit\u00e9 en uniforme patrouille chez vous.","breadcrumb":{"@id":"https:\/\/www.apialarm.com\/fr\/securite-residentielle\/reponse-aux-alarmes-residentielles-service-de-repartition-des-gardes-de-securite\/#breadcrumb"},"inLanguage":"fr-FR","potentialAction":[{"@type":"ReadAction","target":["https:\/\/www.apialarm.com\/fr\/securite-residentielle\/reponse-aux-alarmes-residentielles-service-de-repartition-des-gardes-de-securite\/"]}]},{"@type":"BreadcrumbList","@id":"https:\/\/www.apialarm.com\/fr\/securite-residentielle\/reponse-aux-alarmes-residentielles-service-de-repartition-des-gardes-de-securite\/#breadcrumb","itemListElement":[{"@type":"ListItem","position":1,"name":"Accueil","item":"https:\/\/www.apialarm.com\/fr\/a-p-i-alarm-systemes-de-securite-et-surveillance-des-alarmes\/"},{"@type":"ListItem","position":2,"name":"Solutions de s\u00e9curit\u00e9 r\u00e9sidentielle et surveillance d&#8217;alarme | a.p.i. ALARM","item":"https:\/\/www.apialarm.com\/fr\/securite-residentielle\/"},{"@type":"ListItem","position":3,"name":"R\u00e9ponse aux alarmes r\u00e9sidentielles Service de r\u00e9partition des gardes de s\u00e9curit\u00e9"}]},{"@type":"WebSite","@id":"https:\/\/www.apialarm.com\/fr\/#website","url":"https:\/\/www.apialarm.com\/fr\/","name":"a.p.i. ALARM","description":"a.p.i. ALARM | Solutions de s\u00e9curit\u00e9 r\u00e9sidentielle et commerciale et surveillance des alarmes","publisher":{"@id":"https:\/\/www.apialarm.com\/fr\/#organization"},"potentialAction":[{"@type":"SearchAction","target":{"@type":"EntryPoint","urlTemplate":"https:\/\/www.apialarm.com\/fr\/?s={search_term_string}"},"query-input":"required name=search_term_string"}],"inLanguage":"fr-FR"},{"@type":"Organization","@id":"https:\/\/www.apialarm.com\/fr\/#organization","name":"a.p.i. ALARM","url":"https:\/\/www.apialarm.com\/fr\/","logo":{"@type":"ImageObject","inLanguage":"fr-FR","@id":"https:\/\/www.apialarm.com\/fr\/#\/schema\/logo\/image\/","url":"https:\/\/www.apialarm.com\/wp-content\/uploads\/2023\/08\/api-alarm.png","contentUrl":"https:\/\/www.apialarm.com\/wp-content\/uploads\/2023\/08\/api-alarm.png","width":696,"height":696,"caption":"a.p.i. ALARM"},"image":{"@id":"https:\/\/www.apialarm.com\/fr\/#\/schema\/logo\/image\/"}}]}},"_links":{"self":[{"href":"https:\/\/www.apialarm.com\/fr\/wp-json\/wp\/v2\/pages\/6809"}],"collection":[{"href":"https:\/\/www.apialarm.com\/fr\/wp-json\/wp\/v2\/pages"}],"about":[{"href":"https:\/\/www.apialarm.com\/fr\/wp-json\/wp\/v2\/types\/page"}],"author":[{"embeddable":true,"href":"https:\/\/www.apialarm.com\/fr\/wp-json\/wp\/v2\/users\/5"}],"replies":[{"embeddable":true,"href":"https:\/\/www.apialarm.com\/fr\/wp-json\/wp\/v2\/comments?post=6809"}],"version-history":[{"count":2,"href":"https:\/\/www.apialarm.com\/fr\/wp-json\/wp\/v2\/pages\/6809\/revisions"}],"predecessor-version":[{"id":7417,"href":"https:\/\/www.apialarm.com\/fr\/wp-json\/wp\/v2\/pages\/6809\/revisions\/7417"}],"up":[{"embeddable":true,"href":"https:\/\/www.apialarm.com\/fr\/wp-json\/wp\/v2\/pages\/6796"}],"wp:attachment":[{"href":"https:\/\/www.apialarm.com\/fr\/wp-json\/wp\/v2\/media?parent=6809"}],"curies":[{"name":"wp","href":"https:\/\/api.w.org\/{rel}","templated":true}]}}