{"id":6807,"date":"2023-08-29T20:21:27","date_gmt":"2023-08-30T00:21:27","guid":{"rendered":"https:\/\/www.apialarm.com\/solutions-de-securite-commerciale-et-surveillance-dalarme-a-p-i-alarm\/service-de-reponse-aux-alarmes-service-de-repartition-des-gardes-de-securite-a-p-i-alarm\/"},"modified":"2025-10-06T19:49:19","modified_gmt":"2025-10-06T23:49:19","slug":"service-de-reponse-aux-alarmes-service-de-repartition-des-gardes-de-securite-a-p-i-alarm","status":"publish","type":"page","link":"https:\/\/www.apialarm.com\/fr\/securite-commerciale\/service-de-reponse-aux-alarmes-service-de-repartition-des-gardes-de-securite-a-p-i-alarm\/","title":{"rendered":"Service de r\u00e9ponse aux alarmes Service de r\u00e9partition des gardes de s\u00e9curit\u00e9 | a.p.i. ALARM"},"content":{"rendered":"","protected":false},"excerpt":{"rendered":"","protected":false},"author":5,"featured_media":0,"parent":6790,"menu_order":0,"comment_status":"closed","ping_status":"closed","template":"","meta":{"footnotes":""},"acf":[],"yoast_head":"<title>Service de r\u00e9ponse aux alarmes Service de r\u00e9partition des gardes de s\u00e9curit\u00e9 | a.p.i. ALARM<\/title>\n<meta name=\"description\" content=\"Am\u00e9liorez la surveillance des alarmes de votre entreprise, envoyez un agent de s\u00e9curit\u00e9 pour une patrouille p\u00e9rim\u00e9trique ou int\u00e9rieure d\u00e8s le d\u00e9clenchement de votre alarme.\" \/>\n<meta name=\"robots\" content=\"index, follow, max-snippet:-1, max-image-preview:large, max-video-preview:-1\" \/>\n<link rel=\"canonical\" href=\"https:\/\/www.apialarm.com\/fr\/wp-json\/wp\/v2\/pages\/6807\" \/>\n<meta property=\"og:locale\" content=\"fr_FR\" \/>\n<meta property=\"og:type\" content=\"article\" \/>\n<meta property=\"og:title\" content=\"R\u00e9ponse aux alarmes commerciales Service de dispatching des agents de s\u00e9curit\u00e9\" \/>\n<meta property=\"og:description\" content=\"Compl\u00e9tez votre surveillance d&#039;alarme par des services d&#039;envoi d&#039;agents de s\u00e9curit\u00e9 pour une patrouille p\u00e9rim\u00e9trique ou int\u00e9rieure en cas de d\u00e9clenchement de votre alarme.\" \/>\n<meta property=\"og:url\" content=\"https:\/\/www.apialarm.com\/fr\/wp-json\/wp\/v2\/pages\/6807\" \/>\n<meta property=\"og:site_name\" content=\"a.p.i. ALARM\" \/>\n<meta property=\"article:modified_time\" content=\"2025-10-06T23:49:19+00:00\" \/>\n<meta property=\"og:image\" content=\"http:\/\/apialarm.com\/wp-content\/uploads\/2023\/07\/api-alarm-logo-Retina.png\" \/>\n<meta name=\"twitter:card\" content=\"summary_large_image\" \/>\n<meta name=\"twitter:title\" content=\"R\u00e9ponse aux alarmes commerciales Service de dispatching des agents de s\u00e9curit\u00e9\" \/>\n<meta name=\"twitter:description\" content=\"Compl\u00e9tez votre surveillance d&#039;alarme par des services d&#039;envoi d&#039;agents de s\u00e9curit\u00e9 pour une patrouille p\u00e9rim\u00e9trique ou int\u00e9rieure en cas de d\u00e9clenchement de votre alarme.\" \/>\n<meta name=\"twitter:image\" content=\"http:\/\/apialarm.com\/wp-content\/uploads\/2023\/07\/api-alarm-logo-Retina.png\" \/>\n<script type=\"application\/ld+json\" class=\"yoast-schema-graph\">{\"@context\":\"https:\/\/schema.org\",\"@graph\":[{\"@type\":\"WebPage\",\"@id\":\"https:\/\/www.apialarm.com\/fr\/wp-json\/wp\/v2\/pages\/6807\",\"url\":\"https:\/\/www.apialarm.com\/fr\/wp-json\/wp\/v2\/pages\/6807\",\"name\":\"Service de r\u00e9ponse aux alarmes Service de r\u00e9partition des gardes de s\u00e9curit\u00e9 | a.p.i. ALARM\",\"isPartOf\":{\"@id\":\"https:\/\/www.apialarm.com\/fr\/#website\"},\"datePublished\":\"2023-08-30T00:21:27+00:00\",\"dateModified\":\"2025-10-06T23:49:19+00:00\",\"description\":\"Am\u00e9liorez la surveillance des alarmes de votre entreprise, envoyez un agent de s\u00e9curit\u00e9 pour une patrouille p\u00e9rim\u00e9trique ou int\u00e9rieure d\u00e8s le d\u00e9clenchement de votre alarme.\",\"breadcrumb\":{\"@id\":\"https:\/\/www.apialarm.com\/fr\/securite-commerciale\/service-de-reponse-aux-alarmes-service-de-repartition-des-gardes-de-securite-a-p-i-alarm\/#breadcrumb\"},\"inLanguage\":\"fr-FR\",\"potentialAction\":[{\"@type\":\"ReadAction\",\"target\":[\"https:\/\/www.apialarm.com\/fr\/securite-commerciale\/service-de-reponse-aux-alarmes-service-de-repartition-des-gardes-de-securite-a-p-i-alarm\/\"]}]},{\"@type\":\"BreadcrumbList\",\"@id\":\"https:\/\/www.apialarm.com\/fr\/securite-commerciale\/service-de-reponse-aux-alarmes-service-de-repartition-des-gardes-de-securite-a-p-i-alarm\/#breadcrumb\",\"itemListElement\":[{\"@type\":\"ListItem\",\"position\":1,\"name\":\"Accueil\",\"item\":\"https:\/\/www.apialarm.com\/fr\/a-p-i-alarm-systemes-de-securite-et-surveillance-des-alarmes\/\"},{\"@type\":\"ListItem\",\"position\":2,\"name\":\"Solutions de s\u00e9curit\u00e9 commerciale et surveillance d&#8217;alarme | a.p.i. ALARM\",\"item\":\"https:\/\/www.apialarm.com\/fr\/securite-commerciale\/\"},{\"@type\":\"ListItem\",\"position\":3,\"name\":\"Service de r\u00e9ponse aux alarmes Service de r\u00e9partition des gardes de s\u00e9curit\u00e9 | a.p.i. ALARM\"}]},{\"@type\":\"WebSite\",\"@id\":\"https:\/\/www.apialarm.com\/fr\/#website\",\"url\":\"https:\/\/www.apialarm.com\/fr\/\",\"name\":\"a.p.i. ALARM\",\"description\":\"a.p.i. ALARM | Solutions de s\u00e9curit\u00e9 r\u00e9sidentielle et commerciale et surveillance des alarmes\",\"publisher\":{\"@id\":\"https:\/\/www.apialarm.com\/fr\/#organization\"},\"potentialAction\":[{\"@type\":\"SearchAction\",\"target\":{\"@type\":\"EntryPoint\",\"urlTemplate\":\"https:\/\/www.apialarm.com\/fr\/?s={search_term_string}\"},\"query-input\":\"required name=search_term_string\"}],\"inLanguage\":\"fr-FR\"},{\"@type\":\"Organization\",\"@id\":\"https:\/\/www.apialarm.com\/fr\/#organization\",\"name\":\"a.p.i. ALARM\",\"url\":\"https:\/\/www.apialarm.com\/fr\/\",\"logo\":{\"@type\":\"ImageObject\",\"inLanguage\":\"fr-FR\",\"@id\":\"https:\/\/www.apialarm.com\/fr\/#\/schema\/logo\/image\/\",\"url\":\"https:\/\/www.apialarm.com\/wp-content\/uploads\/2023\/08\/api-alarm.png\",\"contentUrl\":\"https:\/\/www.apialarm.com\/wp-content\/uploads\/2023\/08\/api-alarm.png\",\"width\":696,\"height\":696,\"caption\":\"a.p.i. ALARM\"},\"image\":{\"@id\":\"https:\/\/www.apialarm.com\/fr\/#\/schema\/logo\/image\/\"}}]}<\/script>","yoast_head_json":{"title":"Service de r\u00e9ponse aux alarmes Service de r\u00e9partition des gardes de s\u00e9curit\u00e9 | a.p.i. ALARM","description":"Am\u00e9liorez la surveillance des alarmes de votre entreprise, envoyez un agent de s\u00e9curit\u00e9 pour une patrouille p\u00e9rim\u00e9trique ou int\u00e9rieure d\u00e8s le d\u00e9clenchement de votre alarme.","robots":{"index":"index","follow":"follow","max-snippet":"max-snippet:-1","max-image-preview":"max-image-preview:large","max-video-preview":"max-video-preview:-1"},"canonical":"https:\/\/www.apialarm.com\/fr\/wp-json\/wp\/v2\/pages\/6807","og_locale":"fr_FR","og_type":"article","og_title":"R\u00e9ponse aux alarmes commerciales Service de dispatching des agents de s\u00e9curit\u00e9","og_description":"Compl\u00e9tez votre surveillance d'alarme par des services d'envoi d'agents de s\u00e9curit\u00e9 pour une patrouille p\u00e9rim\u00e9trique ou int\u00e9rieure en cas de d\u00e9clenchement de votre alarme.","og_url":"https:\/\/www.apialarm.com\/fr\/wp-json\/wp\/v2\/pages\/6807","og_site_name":"a.p.i. ALARM","article_modified_time":"2025-10-06T23:49:19+00:00","og_image":[{"url":"http:\/\/apialarm.com\/wp-content\/uploads\/2023\/07\/api-alarm-logo-Retina.png"}],"twitter_card":"summary_large_image","twitter_title":"R\u00e9ponse aux alarmes commerciales Service de dispatching des agents de s\u00e9curit\u00e9","twitter_description":"Compl\u00e9tez votre surveillance d'alarme par des services d'envoi d'agents de s\u00e9curit\u00e9 pour une patrouille p\u00e9rim\u00e9trique ou int\u00e9rieure en cas de d\u00e9clenchement de votre alarme.","twitter_image":"http:\/\/apialarm.com\/wp-content\/uploads\/2023\/07\/api-alarm-logo-Retina.png","schema":{"@context":"https:\/\/schema.org","@graph":[{"@type":"WebPage","@id":"https:\/\/www.apialarm.com\/fr\/wp-json\/wp\/v2\/pages\/6807","url":"https:\/\/www.apialarm.com\/fr\/wp-json\/wp\/v2\/pages\/6807","name":"Service de r\u00e9ponse aux alarmes Service de r\u00e9partition des gardes de s\u00e9curit\u00e9 | a.p.i. ALARM","isPartOf":{"@id":"https:\/\/www.apialarm.com\/fr\/#website"},"datePublished":"2023-08-30T00:21:27+00:00","dateModified":"2025-10-06T23:49:19+00:00","description":"Am\u00e9liorez la surveillance des alarmes de votre entreprise, envoyez un agent de s\u00e9curit\u00e9 pour une patrouille p\u00e9rim\u00e9trique ou int\u00e9rieure d\u00e8s le d\u00e9clenchement de votre alarme.","breadcrumb":{"@id":"https:\/\/www.apialarm.com\/fr\/securite-commerciale\/service-de-reponse-aux-alarmes-service-de-repartition-des-gardes-de-securite-a-p-i-alarm\/#breadcrumb"},"inLanguage":"fr-FR","potentialAction":[{"@type":"ReadAction","target":["https:\/\/www.apialarm.com\/fr\/securite-commerciale\/service-de-reponse-aux-alarmes-service-de-repartition-des-gardes-de-securite-a-p-i-alarm\/"]}]},{"@type":"BreadcrumbList","@id":"https:\/\/www.apialarm.com\/fr\/securite-commerciale\/service-de-reponse-aux-alarmes-service-de-repartition-des-gardes-de-securite-a-p-i-alarm\/#breadcrumb","itemListElement":[{"@type":"ListItem","position":1,"name":"Accueil","item":"https:\/\/www.apialarm.com\/fr\/a-p-i-alarm-systemes-de-securite-et-surveillance-des-alarmes\/"},{"@type":"ListItem","position":2,"name":"Solutions de s\u00e9curit\u00e9 commerciale et surveillance d&#8217;alarme | a.p.i. ALARM","item":"https:\/\/www.apialarm.com\/fr\/securite-commerciale\/"},{"@type":"ListItem","position":3,"name":"Service de r\u00e9ponse aux alarmes Service de r\u00e9partition des gardes de s\u00e9curit\u00e9 | a.p.i. ALARM"}]},{"@type":"WebSite","@id":"https:\/\/www.apialarm.com\/fr\/#website","url":"https:\/\/www.apialarm.com\/fr\/","name":"a.p.i. ALARM","description":"a.p.i. ALARM | Solutions de s\u00e9curit\u00e9 r\u00e9sidentielle et commerciale et surveillance des alarmes","publisher":{"@id":"https:\/\/www.apialarm.com\/fr\/#organization"},"potentialAction":[{"@type":"SearchAction","target":{"@type":"EntryPoint","urlTemplate":"https:\/\/www.apialarm.com\/fr\/?s={search_term_string}"},"query-input":"required name=search_term_string"}],"inLanguage":"fr-FR"},{"@type":"Organization","@id":"https:\/\/www.apialarm.com\/fr\/#organization","name":"a.p.i. ALARM","url":"https:\/\/www.apialarm.com\/fr\/","logo":{"@type":"ImageObject","inLanguage":"fr-FR","@id":"https:\/\/www.apialarm.com\/fr\/#\/schema\/logo\/image\/","url":"https:\/\/www.apialarm.com\/wp-content\/uploads\/2023\/08\/api-alarm.png","contentUrl":"https:\/\/www.apialarm.com\/wp-content\/uploads\/2023\/08\/api-alarm.png","width":696,"height":696,"caption":"a.p.i. ALARM"},"image":{"@id":"https:\/\/www.apialarm.com\/fr\/#\/schema\/logo\/image\/"}}]}},"_links":{"self":[{"href":"https:\/\/www.apialarm.com\/fr\/wp-json\/wp\/v2\/pages\/6807"}],"collection":[{"href":"https:\/\/www.apialarm.com\/fr\/wp-json\/wp\/v2\/pages"}],"about":[{"href":"https:\/\/www.apialarm.com\/fr\/wp-json\/wp\/v2\/types\/page"}],"author":[{"embeddable":true,"href":"https:\/\/www.apialarm.com\/fr\/wp-json\/wp\/v2\/users\/5"}],"replies":[{"embeddable":true,"href":"https:\/\/www.apialarm.com\/fr\/wp-json\/wp\/v2\/comments?post=6807"}],"version-history":[{"count":2,"href":"https:\/\/www.apialarm.com\/fr\/wp-json\/wp\/v2\/pages\/6807\/revisions"}],"predecessor-version":[{"id":7404,"href":"https:\/\/www.apialarm.com\/fr\/wp-json\/wp\/v2\/pages\/6807\/revisions\/7404"}],"up":[{"embeddable":true,"href":"https:\/\/www.apialarm.com\/fr\/wp-json\/wp\/v2\/pages\/6790"}],"wp:attachment":[{"href":"https:\/\/www.apialarm.com\/fr\/wp-json\/wp\/v2\/media?parent=6807"}],"curies":[{"name":"wp","href":"https:\/\/api.w.org\/{rel}","templated":true}]}}