{"id":6804,"date":"2023-08-29T17:44:05","date_gmt":"2023-08-29T21:44:05","guid":{"rendered":"https:\/\/www.apialarm.com\/solutions-de-securite-residentielle-et-surveillance-dalarme-a-p-i-alarm\/protection-contre-les-coupures-de-ligne-pour-les-systemes-de-securite-domestique-a-p-i-alarm\/"},"modified":"2025-10-06T19:50:09","modified_gmt":"2025-10-06T23:50:09","slug":"protection-contre-les-coupures-de-ligne-pour-les-systemes-de-securite-domestique-a-p-i-alarm","status":"publish","type":"page","link":"https:\/\/www.apialarm.com\/fr\/securite-residentielle\/protection-contre-les-coupures-de-ligne-pour-les-systemes-de-securite-domestique-a-p-i-alarm\/","title":{"rendered":"Protection contre les coupures de ligne pour les syst\u00e8mes de s\u00e9curit\u00e9 domestique | a.p.i. ALARM"},"content":{"rendered":"","protected":false},"excerpt":{"rendered":"","protected":false},"author":5,"featured_media":0,"parent":6796,"menu_order":0,"comment_status":"closed","ping_status":"closed","template":"","meta":{"footnotes":""},"acf":[],"yoast_head":"<title>Protection contre les coupures de ligne pour les syst\u00e8mes de s\u00e9curit\u00e9 domestique | a.p.i. ALARM<\/title>\n<meta name=\"description\" content=\"Assurez votre protection contre les coupures de ligne et les pannes de syst\u00e8me avec un syst\u00e8me de s\u00e9curit\u00e9 domestique connect\u00e9 sans fil \u00e0 notre station de surveillance d&#039;alarme certifi\u00e9e ULC.\" \/>\n<meta name=\"robots\" content=\"index, follow, max-snippet:-1, max-image-preview:large, max-video-preview:-1\" \/>\n<link rel=\"canonical\" href=\"https:\/\/www.apialarm.com\/fr\/wp-json\/wp\/v2\/pages\/6804\" \/>\n<meta property=\"og:locale\" content=\"fr_FR\" \/>\n<meta property=\"og:type\" content=\"article\" \/>\n<meta property=\"og:title\" content=\"Protection contre les coupures de ligne pour les syst\u00e8mes de s\u00e9curit\u00e9 \u00e0 domicile\" \/>\n<meta property=\"og:description\" content=\"Assurez votre protection contre les coupures de ligne et les pannes de syst\u00e8me avec un syst\u00e8me de s\u00e9curit\u00e9 domestique connect\u00e9 sans fil \u00e0 notre station de surveillance d&#039;alarme certifi\u00e9e ULC.\" \/>\n<meta property=\"og:url\" content=\"https:\/\/www.apialarm.com\/fr\/wp-json\/wp\/v2\/pages\/6804\" \/>\n<meta property=\"og:site_name\" content=\"a.p.i. ALARM\" \/>\n<meta property=\"article:modified_time\" content=\"2025-10-06T23:50:09+00:00\" \/>\n<meta property=\"og:image\" content=\"http:\/\/apialarm.com\/wp-content\/uploads\/2023\/07\/api-alarm-logo-Retina.png\" \/>\n<meta name=\"twitter:card\" content=\"summary_large_image\" \/>\n<meta name=\"twitter:title\" content=\"Protection contre les coupures de ligne pour les syst\u00e8mes de s\u00e9curit\u00e9 \u00e0 domicile\" \/>\n<meta name=\"twitter:description\" content=\"Assurez votre protection contre les coupures de ligne et les pannes de syst\u00e8me avec un syst\u00e8me de s\u00e9curit\u00e9 domestique connect\u00e9 sans fil \u00e0 notre station de surveillance d&#039;alarme certifi\u00e9e ULC.\" \/>\n<meta name=\"twitter:image\" content=\"http:\/\/apialarm.com\/wp-content\/uploads\/2023\/07\/api-alarm-logo-Retina.png\" \/>\n<script type=\"application\/ld+json\" class=\"yoast-schema-graph\">{\"@context\":\"https:\/\/schema.org\",\"@graph\":[{\"@type\":\"WebPage\",\"@id\":\"https:\/\/www.apialarm.com\/fr\/wp-json\/wp\/v2\/pages\/6804\",\"url\":\"https:\/\/www.apialarm.com\/fr\/wp-json\/wp\/v2\/pages\/6804\",\"name\":\"Protection contre les coupures de ligne pour les syst\u00e8mes de s\u00e9curit\u00e9 domestique | a.p.i. ALARM\",\"isPartOf\":{\"@id\":\"https:\/\/www.apialarm.com\/fr\/#website\"},\"datePublished\":\"2023-08-29T21:44:05+00:00\",\"dateModified\":\"2025-10-06T23:50:09+00:00\",\"description\":\"Assurez votre protection contre les coupures de ligne et les pannes de syst\u00e8me avec un syst\u00e8me de s\u00e9curit\u00e9 domestique connect\u00e9 sans fil \u00e0 notre station de surveillance d'alarme certifi\u00e9e ULC.\",\"breadcrumb\":{\"@id\":\"https:\/\/www.apialarm.com\/fr\/securite-residentielle\/protection-contre-les-coupures-de-ligne-pour-les-systemes-de-securite-domestique-a-p-i-alarm\/#breadcrumb\"},\"inLanguage\":\"fr-FR\",\"potentialAction\":[{\"@type\":\"ReadAction\",\"target\":[\"https:\/\/www.apialarm.com\/fr\/securite-residentielle\/protection-contre-les-coupures-de-ligne-pour-les-systemes-de-securite-domestique-a-p-i-alarm\/\"]}]},{\"@type\":\"BreadcrumbList\",\"@id\":\"https:\/\/www.apialarm.com\/fr\/securite-residentielle\/protection-contre-les-coupures-de-ligne-pour-les-systemes-de-securite-domestique-a-p-i-alarm\/#breadcrumb\",\"itemListElement\":[{\"@type\":\"ListItem\",\"position\":1,\"name\":\"Accueil\",\"item\":\"https:\/\/www.apialarm.com\/fr\/a-p-i-alarm-systemes-de-securite-et-surveillance-des-alarmes\/\"},{\"@type\":\"ListItem\",\"position\":2,\"name\":\"Solutions de s\u00e9curit\u00e9 r\u00e9sidentielle et surveillance d&#8217;alarme | a.p.i. ALARM\",\"item\":\"https:\/\/www.apialarm.com\/fr\/securite-residentielle\/\"},{\"@type\":\"ListItem\",\"position\":3,\"name\":\"Protection contre les coupures de ligne pour les syst\u00e8mes de s\u00e9curit\u00e9 domestique | a.p.i. ALARM\"}]},{\"@type\":\"WebSite\",\"@id\":\"https:\/\/www.apialarm.com\/fr\/#website\",\"url\":\"https:\/\/www.apialarm.com\/fr\/\",\"name\":\"a.p.i. ALARM\",\"description\":\"a.p.i. ALARM | Solutions de s\u00e9curit\u00e9 r\u00e9sidentielle et commerciale et surveillance des alarmes\",\"publisher\":{\"@id\":\"https:\/\/www.apialarm.com\/fr\/#organization\"},\"potentialAction\":[{\"@type\":\"SearchAction\",\"target\":{\"@type\":\"EntryPoint\",\"urlTemplate\":\"https:\/\/www.apialarm.com\/fr\/?s={search_term_string}\"},\"query-input\":\"required name=search_term_string\"}],\"inLanguage\":\"fr-FR\"},{\"@type\":\"Organization\",\"@id\":\"https:\/\/www.apialarm.com\/fr\/#organization\",\"name\":\"a.p.i. ALARM\",\"url\":\"https:\/\/www.apialarm.com\/fr\/\",\"logo\":{\"@type\":\"ImageObject\",\"inLanguage\":\"fr-FR\",\"@id\":\"https:\/\/www.apialarm.com\/fr\/#\/schema\/logo\/image\/\",\"url\":\"https:\/\/www.apialarm.com\/wp-content\/uploads\/2023\/08\/api-alarm.png\",\"contentUrl\":\"https:\/\/www.apialarm.com\/wp-content\/uploads\/2023\/08\/api-alarm.png\",\"width\":696,\"height\":696,\"caption\":\"a.p.i. ALARM\"},\"image\":{\"@id\":\"https:\/\/www.apialarm.com\/fr\/#\/schema\/logo\/image\/\"}}]}<\/script>","yoast_head_json":{"title":"Protection contre les coupures de ligne pour les syst\u00e8mes de s\u00e9curit\u00e9 domestique | a.p.i. ALARM","description":"Assurez votre protection contre les coupures de ligne et les pannes de syst\u00e8me avec un syst\u00e8me de s\u00e9curit\u00e9 domestique connect\u00e9 sans fil \u00e0 notre station de surveillance d'alarme certifi\u00e9e ULC.","robots":{"index":"index","follow":"follow","max-snippet":"max-snippet:-1","max-image-preview":"max-image-preview:large","max-video-preview":"max-video-preview:-1"},"canonical":"https:\/\/www.apialarm.com\/fr\/wp-json\/wp\/v2\/pages\/6804","og_locale":"fr_FR","og_type":"article","og_title":"Protection contre les coupures de ligne pour les syst\u00e8mes de s\u00e9curit\u00e9 \u00e0 domicile","og_description":"Assurez votre protection contre les coupures de ligne et les pannes de syst\u00e8me avec un syst\u00e8me de s\u00e9curit\u00e9 domestique connect\u00e9 sans fil \u00e0 notre station de surveillance d'alarme certifi\u00e9e ULC.","og_url":"https:\/\/www.apialarm.com\/fr\/wp-json\/wp\/v2\/pages\/6804","og_site_name":"a.p.i. ALARM","article_modified_time":"2025-10-06T23:50:09+00:00","og_image":[{"url":"http:\/\/apialarm.com\/wp-content\/uploads\/2023\/07\/api-alarm-logo-Retina.png"}],"twitter_card":"summary_large_image","twitter_title":"Protection contre les coupures de ligne pour les syst\u00e8mes de s\u00e9curit\u00e9 \u00e0 domicile","twitter_description":"Assurez votre protection contre les coupures de ligne et les pannes de syst\u00e8me avec un syst\u00e8me de s\u00e9curit\u00e9 domestique connect\u00e9 sans fil \u00e0 notre station de surveillance d'alarme certifi\u00e9e ULC.","twitter_image":"http:\/\/apialarm.com\/wp-content\/uploads\/2023\/07\/api-alarm-logo-Retina.png","schema":{"@context":"https:\/\/schema.org","@graph":[{"@type":"WebPage","@id":"https:\/\/www.apialarm.com\/fr\/wp-json\/wp\/v2\/pages\/6804","url":"https:\/\/www.apialarm.com\/fr\/wp-json\/wp\/v2\/pages\/6804","name":"Protection contre les coupures de ligne pour les syst\u00e8mes de s\u00e9curit\u00e9 domestique | a.p.i. ALARM","isPartOf":{"@id":"https:\/\/www.apialarm.com\/fr\/#website"},"datePublished":"2023-08-29T21:44:05+00:00","dateModified":"2025-10-06T23:50:09+00:00","description":"Assurez votre protection contre les coupures de ligne et les pannes de syst\u00e8me avec un syst\u00e8me de s\u00e9curit\u00e9 domestique connect\u00e9 sans fil \u00e0 notre station de surveillance d'alarme certifi\u00e9e ULC.","breadcrumb":{"@id":"https:\/\/www.apialarm.com\/fr\/securite-residentielle\/protection-contre-les-coupures-de-ligne-pour-les-systemes-de-securite-domestique-a-p-i-alarm\/#breadcrumb"},"inLanguage":"fr-FR","potentialAction":[{"@type":"ReadAction","target":["https:\/\/www.apialarm.com\/fr\/securite-residentielle\/protection-contre-les-coupures-de-ligne-pour-les-systemes-de-securite-domestique-a-p-i-alarm\/"]}]},{"@type":"BreadcrumbList","@id":"https:\/\/www.apialarm.com\/fr\/securite-residentielle\/protection-contre-les-coupures-de-ligne-pour-les-systemes-de-securite-domestique-a-p-i-alarm\/#breadcrumb","itemListElement":[{"@type":"ListItem","position":1,"name":"Accueil","item":"https:\/\/www.apialarm.com\/fr\/a-p-i-alarm-systemes-de-securite-et-surveillance-des-alarmes\/"},{"@type":"ListItem","position":2,"name":"Solutions de s\u00e9curit\u00e9 r\u00e9sidentielle et surveillance d&#8217;alarme | a.p.i. ALARM","item":"https:\/\/www.apialarm.com\/fr\/securite-residentielle\/"},{"@type":"ListItem","position":3,"name":"Protection contre les coupures de ligne pour les syst\u00e8mes de s\u00e9curit\u00e9 domestique | a.p.i. ALARM"}]},{"@type":"WebSite","@id":"https:\/\/www.apialarm.com\/fr\/#website","url":"https:\/\/www.apialarm.com\/fr\/","name":"a.p.i. ALARM","description":"a.p.i. ALARM | Solutions de s\u00e9curit\u00e9 r\u00e9sidentielle et commerciale et surveillance des alarmes","publisher":{"@id":"https:\/\/www.apialarm.com\/fr\/#organization"},"potentialAction":[{"@type":"SearchAction","target":{"@type":"EntryPoint","urlTemplate":"https:\/\/www.apialarm.com\/fr\/?s={search_term_string}"},"query-input":"required name=search_term_string"}],"inLanguage":"fr-FR"},{"@type":"Organization","@id":"https:\/\/www.apialarm.com\/fr\/#organization","name":"a.p.i. ALARM","url":"https:\/\/www.apialarm.com\/fr\/","logo":{"@type":"ImageObject","inLanguage":"fr-FR","@id":"https:\/\/www.apialarm.com\/fr\/#\/schema\/logo\/image\/","url":"https:\/\/www.apialarm.com\/wp-content\/uploads\/2023\/08\/api-alarm.png","contentUrl":"https:\/\/www.apialarm.com\/wp-content\/uploads\/2023\/08\/api-alarm.png","width":696,"height":696,"caption":"a.p.i. ALARM"},"image":{"@id":"https:\/\/www.apialarm.com\/fr\/#\/schema\/logo\/image\/"}}]}},"_links":{"self":[{"href":"https:\/\/www.apialarm.com\/fr\/wp-json\/wp\/v2\/pages\/6804"}],"collection":[{"href":"https:\/\/www.apialarm.com\/fr\/wp-json\/wp\/v2\/pages"}],"about":[{"href":"https:\/\/www.apialarm.com\/fr\/wp-json\/wp\/v2\/types\/page"}],"author":[{"embeddable":true,"href":"https:\/\/www.apialarm.com\/fr\/wp-json\/wp\/v2\/users\/5"}],"replies":[{"embeddable":true,"href":"https:\/\/www.apialarm.com\/fr\/wp-json\/wp\/v2\/comments?post=6804"}],"version-history":[{"count":2,"href":"https:\/\/www.apialarm.com\/fr\/wp-json\/wp\/v2\/pages\/6804\/revisions"}],"predecessor-version":[{"id":7415,"href":"https:\/\/www.apialarm.com\/fr\/wp-json\/wp\/v2\/pages\/6804\/revisions\/7415"}],"up":[{"embeddable":true,"href":"https:\/\/www.apialarm.com\/fr\/wp-json\/wp\/v2\/pages\/6796"}],"wp:attachment":[{"href":"https:\/\/www.apialarm.com\/fr\/wp-json\/wp\/v2\/media?parent=6804"}],"curies":[{"name":"wp","href":"https:\/\/api.w.org\/{rel}","templated":true}]}}