{"id":6801,"date":"2023-08-28T21:05:13","date_gmt":"2023-08-29T01:05:13","guid":{"rendered":"https:\/\/www.apialarm.com\/conseils-de-securite-da-p-i-alarm\/"},"modified":"2025-10-06T19:47:53","modified_gmt":"2025-10-06T23:47:53","slug":"conseils-de-securite-da-p-i-alarm","status":"publish","type":"page","link":"https:\/\/www.apialarm.com\/fr\/conseils-de-securite-da-p-i-alarm\/","title":{"rendered":"Conseils de s\u00e9curit\u00e9 d&rsquo;a.p.i. ALARM"},"content":{"rendered":"","protected":false},"excerpt":{"rendered":"","protected":false},"author":5,"featured_media":0,"parent":0,"menu_order":0,"comment_status":"closed","ping_status":"closed","template":"","meta":{"footnotes":""},"acf":[],"yoast_head":"<title>Conseils de s\u00e9curit\u00e9 d&#039;a.p.i. ALARM<\/title>\n<meta name=\"description\" content=\"La planification de la s\u00e9curit\u00e9 peut r\u00e9duire le risque d&#039;intrusion. Faites confiance \u00e0 nos 40 ans d&#039;exp\u00e9rience et \u00e0 notre centrale d&#039;alarme certifi\u00e9e ULC pour vous aider \u00e0 r\u00e9duire ce risque.\" \/>\n<meta name=\"robots\" content=\"index, follow, max-snippet:-1, max-image-preview:large, max-video-preview:-1\" \/>\n<link rel=\"canonical\" href=\"https:\/\/www.apialarm.com\/fr\/wp-json\/wp\/v2\/pages\/6801\" \/>\n<meta property=\"og:locale\" content=\"fr_FR\" \/>\n<meta property=\"og:type\" content=\"article\" \/>\n<meta property=\"og:title\" content=\"Conseils de s\u00e9curit\u00e9 de a.p.i. ALARM.\" \/>\n<meta property=\"og:description\" content=\"La planification de la s\u00e9curit\u00e9 et le bon sens peuvent r\u00e9duire le risque d&#039;intrusion. En outre, vous pouvez compter sur nos syst\u00e8mes de s\u00e9curit\u00e9 et sur la surveillance des alarmes certifi\u00e9e ULC.\" \/>\n<meta property=\"og:url\" content=\"https:\/\/www.apialarm.com\/fr\/wp-json\/wp\/v2\/pages\/6801\" \/>\n<meta property=\"og:site_name\" content=\"a.p.i. ALARM\" \/>\n<meta property=\"article:modified_time\" content=\"2025-10-06T23:47:53+00:00\" \/>\n<meta property=\"og:image\" content=\"http:\/\/apialarm.com\/wp-content\/uploads\/2023\/07\/api-alarm-logo-Retina.png\" \/>\n<meta name=\"twitter:card\" content=\"summary_large_image\" \/>\n<meta name=\"twitter:title\" content=\"Conseils de s\u00e9curit\u00e9 de a.p.i. ALARM.\" \/>\n<meta name=\"twitter:description\" content=\"La planification de la s\u00e9curit\u00e9 et le bon sens peuvent r\u00e9duire le risque d&#039;intrusion. En outre, vous pouvez compter sur nos syst\u00e8mes de s\u00e9curit\u00e9 et sur la surveillance des alarmes certifi\u00e9e ULC.\" \/>\n<meta name=\"twitter:image\" content=\"http:\/\/apialarm.com\/wp-content\/uploads\/2023\/07\/api-alarm-logo-Retina.png\" \/>\n<script type=\"application\/ld+json\" class=\"yoast-schema-graph\">{\"@context\":\"https:\/\/schema.org\",\"@graph\":[{\"@type\":\"WebPage\",\"@id\":\"https:\/\/www.apialarm.com\/fr\/wp-json\/wp\/v2\/pages\/6801\",\"url\":\"https:\/\/www.apialarm.com\/fr\/wp-json\/wp\/v2\/pages\/6801\",\"name\":\"Conseils de s\u00e9curit\u00e9 d'a.p.i. ALARM\",\"isPartOf\":{\"@id\":\"https:\/\/www.apialarm.com\/fr\/#website\"},\"datePublished\":\"2023-08-29T01:05:13+00:00\",\"dateModified\":\"2025-10-06T23:47:53+00:00\",\"description\":\"La planification de la s\u00e9curit\u00e9 peut r\u00e9duire le risque d'intrusion. Faites confiance \u00e0 nos 40 ans d'exp\u00e9rience et \u00e0 notre centrale d'alarme certifi\u00e9e ULC pour vous aider \u00e0 r\u00e9duire ce risque.\",\"breadcrumb\":{\"@id\":\"https:\/\/www.apialarm.com\/fr\/conseils-de-securite-da-p-i-alarm\/#breadcrumb\"},\"inLanguage\":\"fr-FR\",\"potentialAction\":[{\"@type\":\"ReadAction\",\"target\":[\"https:\/\/www.apialarm.com\/fr\/conseils-de-securite-da-p-i-alarm\/\"]}]},{\"@type\":\"BreadcrumbList\",\"@id\":\"https:\/\/www.apialarm.com\/fr\/conseils-de-securite-da-p-i-alarm\/#breadcrumb\",\"itemListElement\":[{\"@type\":\"ListItem\",\"position\":1,\"name\":\"Accueil\",\"item\":\"https:\/\/www.apialarm.com\/fr\/a-p-i-alarm-systemes-de-securite-et-surveillance-des-alarmes\/\"},{\"@type\":\"ListItem\",\"position\":2,\"name\":\"Conseils de s\u00e9curit\u00e9 d&#8217;a.p.i. ALARM\"}]},{\"@type\":\"WebSite\",\"@id\":\"https:\/\/www.apialarm.com\/fr\/#website\",\"url\":\"https:\/\/www.apialarm.com\/fr\/\",\"name\":\"a.p.i. ALARM\",\"description\":\"a.p.i. ALARM | Solutions de s\u00e9curit\u00e9 r\u00e9sidentielle et commerciale et surveillance des alarmes\",\"publisher\":{\"@id\":\"https:\/\/www.apialarm.com\/fr\/#organization\"},\"potentialAction\":[{\"@type\":\"SearchAction\",\"target\":{\"@type\":\"EntryPoint\",\"urlTemplate\":\"https:\/\/www.apialarm.com\/fr\/?s={search_term_string}\"},\"query-input\":\"required name=search_term_string\"}],\"inLanguage\":\"fr-FR\"},{\"@type\":\"Organization\",\"@id\":\"https:\/\/www.apialarm.com\/fr\/#organization\",\"name\":\"a.p.i. ALARM\",\"url\":\"https:\/\/www.apialarm.com\/fr\/\",\"logo\":{\"@type\":\"ImageObject\",\"inLanguage\":\"fr-FR\",\"@id\":\"https:\/\/www.apialarm.com\/fr\/#\/schema\/logo\/image\/\",\"url\":\"https:\/\/www.apialarm.com\/wp-content\/uploads\/2023\/08\/api-alarm.png\",\"contentUrl\":\"https:\/\/www.apialarm.com\/wp-content\/uploads\/2023\/08\/api-alarm.png\",\"width\":696,\"height\":696,\"caption\":\"a.p.i. ALARM\"},\"image\":{\"@id\":\"https:\/\/www.apialarm.com\/fr\/#\/schema\/logo\/image\/\"}}]}<\/script>","yoast_head_json":{"title":"Conseils de s\u00e9curit\u00e9 d'a.p.i. ALARM","description":"La planification de la s\u00e9curit\u00e9 peut r\u00e9duire le risque d'intrusion. Faites confiance \u00e0 nos 40 ans d'exp\u00e9rience et \u00e0 notre centrale d'alarme certifi\u00e9e ULC pour vous aider \u00e0 r\u00e9duire ce risque.","robots":{"index":"index","follow":"follow","max-snippet":"max-snippet:-1","max-image-preview":"max-image-preview:large","max-video-preview":"max-video-preview:-1"},"canonical":"https:\/\/www.apialarm.com\/fr\/wp-json\/wp\/v2\/pages\/6801","og_locale":"fr_FR","og_type":"article","og_title":"Conseils de s\u00e9curit\u00e9 de a.p.i. ALARM.","og_description":"La planification de la s\u00e9curit\u00e9 et le bon sens peuvent r\u00e9duire le risque d'intrusion. En outre, vous pouvez compter sur nos syst\u00e8mes de s\u00e9curit\u00e9 et sur la surveillance des alarmes certifi\u00e9e ULC.","og_url":"https:\/\/www.apialarm.com\/fr\/wp-json\/wp\/v2\/pages\/6801","og_site_name":"a.p.i. ALARM","article_modified_time":"2025-10-06T23:47:53+00:00","og_image":[{"url":"http:\/\/apialarm.com\/wp-content\/uploads\/2023\/07\/api-alarm-logo-Retina.png"}],"twitter_card":"summary_large_image","twitter_title":"Conseils de s\u00e9curit\u00e9 de a.p.i. ALARM.","twitter_description":"La planification de la s\u00e9curit\u00e9 et le bon sens peuvent r\u00e9duire le risque d'intrusion. En outre, vous pouvez compter sur nos syst\u00e8mes de s\u00e9curit\u00e9 et sur la surveillance des alarmes certifi\u00e9e ULC.","twitter_image":"http:\/\/apialarm.com\/wp-content\/uploads\/2023\/07\/api-alarm-logo-Retina.png","schema":{"@context":"https:\/\/schema.org","@graph":[{"@type":"WebPage","@id":"https:\/\/www.apialarm.com\/fr\/wp-json\/wp\/v2\/pages\/6801","url":"https:\/\/www.apialarm.com\/fr\/wp-json\/wp\/v2\/pages\/6801","name":"Conseils de s\u00e9curit\u00e9 d'a.p.i. ALARM","isPartOf":{"@id":"https:\/\/www.apialarm.com\/fr\/#website"},"datePublished":"2023-08-29T01:05:13+00:00","dateModified":"2025-10-06T23:47:53+00:00","description":"La planification de la s\u00e9curit\u00e9 peut r\u00e9duire le risque d'intrusion. Faites confiance \u00e0 nos 40 ans d'exp\u00e9rience et \u00e0 notre centrale d'alarme certifi\u00e9e ULC pour vous aider \u00e0 r\u00e9duire ce risque.","breadcrumb":{"@id":"https:\/\/www.apialarm.com\/fr\/conseils-de-securite-da-p-i-alarm\/#breadcrumb"},"inLanguage":"fr-FR","potentialAction":[{"@type":"ReadAction","target":["https:\/\/www.apialarm.com\/fr\/conseils-de-securite-da-p-i-alarm\/"]}]},{"@type":"BreadcrumbList","@id":"https:\/\/www.apialarm.com\/fr\/conseils-de-securite-da-p-i-alarm\/#breadcrumb","itemListElement":[{"@type":"ListItem","position":1,"name":"Accueil","item":"https:\/\/www.apialarm.com\/fr\/a-p-i-alarm-systemes-de-securite-et-surveillance-des-alarmes\/"},{"@type":"ListItem","position":2,"name":"Conseils de s\u00e9curit\u00e9 d&#8217;a.p.i. ALARM"}]},{"@type":"WebSite","@id":"https:\/\/www.apialarm.com\/fr\/#website","url":"https:\/\/www.apialarm.com\/fr\/","name":"a.p.i. ALARM","description":"a.p.i. ALARM | Solutions de s\u00e9curit\u00e9 r\u00e9sidentielle et commerciale et surveillance des alarmes","publisher":{"@id":"https:\/\/www.apialarm.com\/fr\/#organization"},"potentialAction":[{"@type":"SearchAction","target":{"@type":"EntryPoint","urlTemplate":"https:\/\/www.apialarm.com\/fr\/?s={search_term_string}"},"query-input":"required name=search_term_string"}],"inLanguage":"fr-FR"},{"@type":"Organization","@id":"https:\/\/www.apialarm.com\/fr\/#organization","name":"a.p.i. ALARM","url":"https:\/\/www.apialarm.com\/fr\/","logo":{"@type":"ImageObject","inLanguage":"fr-FR","@id":"https:\/\/www.apialarm.com\/fr\/#\/schema\/logo\/image\/","url":"https:\/\/www.apialarm.com\/wp-content\/uploads\/2023\/08\/api-alarm.png","contentUrl":"https:\/\/www.apialarm.com\/wp-content\/uploads\/2023\/08\/api-alarm.png","width":696,"height":696,"caption":"a.p.i. ALARM"},"image":{"@id":"https:\/\/www.apialarm.com\/fr\/#\/schema\/logo\/image\/"}}]}},"_links":{"self":[{"href":"https:\/\/www.apialarm.com\/fr\/wp-json\/wp\/v2\/pages\/6801"}],"collection":[{"href":"https:\/\/www.apialarm.com\/fr\/wp-json\/wp\/v2\/pages"}],"about":[{"href":"https:\/\/www.apialarm.com\/fr\/wp-json\/wp\/v2\/types\/page"}],"author":[{"embeddable":true,"href":"https:\/\/www.apialarm.com\/fr\/wp-json\/wp\/v2\/users\/5"}],"replies":[{"embeddable":true,"href":"https:\/\/www.apialarm.com\/fr\/wp-json\/wp\/v2\/comments?post=6801"}],"version-history":[{"count":3,"href":"https:\/\/www.apialarm.com\/fr\/wp-json\/wp\/v2\/pages\/6801\/revisions"}],"predecessor-version":[{"id":7395,"href":"https:\/\/www.apialarm.com\/fr\/wp-json\/wp\/v2\/pages\/6801\/revisions\/7395"}],"wp:attachment":[{"href":"https:\/\/www.apialarm.com\/fr\/wp-json\/wp\/v2\/media?parent=6801"}],"curies":[{"name":"wp","href":"https:\/\/api.w.org\/{rel}","templated":true}]}}