{"id":6794,"date":"2023-08-27T20:18:58","date_gmt":"2023-08-28T00:18:58","guid":{"rendered":"https:\/\/www.apialarm.com\/solutions-de-securite-commerciale-et-surveillance-dalarme-a-p-i-alarm\/surveillance-du-travailleur-isole-alarme-a-p-i\/"},"modified":"2025-10-06T19:49:37","modified_gmt":"2025-10-06T23:49:37","slug":"surveillance-du-travailleur-isole-alarme-a-p-i","status":"publish","type":"page","link":"https:\/\/www.apialarm.com\/fr\/securite-commerciale\/surveillance-du-travailleur-isole-alarme-a-p-i\/","title":{"rendered":"Surveillance du travailleur isol\u00e9 | ALARME A.P.I."},"content":{"rendered":"","protected":false},"excerpt":{"rendered":"","protected":false},"author":5,"featured_media":0,"parent":6790,"menu_order":0,"comment_status":"closed","ping_status":"closed","template":"","meta":{"footnotes":""},"acf":[],"yoast_head":"<title>Surveillance des travailleurs isol\u00e9s et alarmes anti-panique | a.p.i. ALARM<\/title>\n<meta name=\"description\" content=\"La surveillance des travailleurs isol\u00e9s et les alarmes de panique sont connect\u00e9es sans fil \u00e0 notre station de surveillance des alarmes certifi\u00e9e ULC. Plusieurs options sont disponibles, appelez-nous pour plus de d\u00e9tails.\" \/>\n<meta name=\"robots\" content=\"index, follow, max-snippet:-1, max-image-preview:large, max-video-preview:-1\" \/>\n<link rel=\"canonical\" href=\"https:\/\/www.apialarm.com\/fr\/wp-json\/wp\/v2\/pages\/6794\" \/>\n<meta property=\"og:locale\" content=\"fr_FR\" \/>\n<meta property=\"og:type\" content=\"article\" \/>\n<meta property=\"og:title\" content=\"Surveillance des travailleurs isol\u00e9s et alarmes anti-panique\" \/>\n<meta property=\"og:description\" content=\"Les syst\u00e8mes de surveillance des travailleurs isol\u00e9s et des travailleurs \u00e0 distance fournissent un bouton d&#039;alarme sans fil surveill\u00e9 pour assurer la s\u00e9curit\u00e9 de votre employ\u00e9.\" \/>\n<meta property=\"og:url\" content=\"https:\/\/www.apialarm.com\/fr\/wp-json\/wp\/v2\/pages\/6794\" \/>\n<meta property=\"og:site_name\" content=\"a.p.i. ALARM\" \/>\n<meta property=\"article:modified_time\" content=\"2025-10-06T23:49:37+00:00\" \/>\n<meta property=\"og:image\" content=\"http:\/\/apialarm.com\/wp-content\/uploads\/2023\/07\/api-alarm-logo-Retina.png\" \/>\n<meta name=\"twitter:card\" content=\"summary_large_image\" \/>\n<meta name=\"twitter:title\" content=\"Surveillance des travailleurs isol\u00e9s et alarmes anti-panique\" \/>\n<meta name=\"twitter:description\" content=\"Les syst\u00e8mes de surveillance des travailleurs isol\u00e9s et des travailleurs \u00e0 distance fournissent un bouton d&#039;alarme sans fil surveill\u00e9 pour assurer la s\u00e9curit\u00e9 de votre employ\u00e9.\" \/>\n<meta name=\"twitter:image\" content=\"http:\/\/apialarm.com\/wp-content\/uploads\/2023\/07\/api-alarm-logo-Retina.png\" \/>\n<script type=\"application\/ld+json\" class=\"yoast-schema-graph\">{\"@context\":\"https:\/\/schema.org\",\"@graph\":[{\"@type\":\"WebPage\",\"@id\":\"https:\/\/www.apialarm.com\/fr\/wp-json\/wp\/v2\/pages\/6794\",\"url\":\"https:\/\/www.apialarm.com\/fr\/wp-json\/wp\/v2\/pages\/6794\",\"name\":\"Surveillance des travailleurs isol\u00e9s et alarmes anti-panique | a.p.i. ALARM\",\"isPartOf\":{\"@id\":\"https:\/\/www.apialarm.com\/fr\/#website\"},\"datePublished\":\"2023-08-28T00:18:58+00:00\",\"dateModified\":\"2025-10-06T23:49:37+00:00\",\"description\":\"La surveillance des travailleurs isol\u00e9s et les alarmes de panique sont connect\u00e9es sans fil \u00e0 notre station de surveillance des alarmes certifi\u00e9e ULC. Plusieurs options sont disponibles, appelez-nous pour plus de d\u00e9tails.\",\"breadcrumb\":{\"@id\":\"https:\/\/www.apialarm.com\/fr\/securite-commerciale\/surveillance-du-travailleur-isole-alarme-a-p-i\/#breadcrumb\"},\"inLanguage\":\"fr-FR\",\"potentialAction\":[{\"@type\":\"ReadAction\",\"target\":[\"https:\/\/www.apialarm.com\/fr\/securite-commerciale\/surveillance-du-travailleur-isole-alarme-a-p-i\/\"]}]},{\"@type\":\"BreadcrumbList\",\"@id\":\"https:\/\/www.apialarm.com\/fr\/securite-commerciale\/surveillance-du-travailleur-isole-alarme-a-p-i\/#breadcrumb\",\"itemListElement\":[{\"@type\":\"ListItem\",\"position\":1,\"name\":\"Accueil\",\"item\":\"https:\/\/www.apialarm.com\/fr\/a-p-i-alarm-systemes-de-securite-et-surveillance-des-alarmes\/\"},{\"@type\":\"ListItem\",\"position\":2,\"name\":\"Solutions de s\u00e9curit\u00e9 commerciale et surveillance d&#8217;alarme | a.p.i. ALARM\",\"item\":\"https:\/\/www.apialarm.com\/fr\/securite-commerciale\/\"},{\"@type\":\"ListItem\",\"position\":3,\"name\":\"Surveillance du travailleur isol\u00e9 | ALARME A.P.I.\"}]},{\"@type\":\"WebSite\",\"@id\":\"https:\/\/www.apialarm.com\/fr\/#website\",\"url\":\"https:\/\/www.apialarm.com\/fr\/\",\"name\":\"a.p.i. ALARM\",\"description\":\"a.p.i. ALARM | Solutions de s\u00e9curit\u00e9 r\u00e9sidentielle et commerciale et surveillance des alarmes\",\"publisher\":{\"@id\":\"https:\/\/www.apialarm.com\/fr\/#organization\"},\"potentialAction\":[{\"@type\":\"SearchAction\",\"target\":{\"@type\":\"EntryPoint\",\"urlTemplate\":\"https:\/\/www.apialarm.com\/fr\/?s={search_term_string}\"},\"query-input\":\"required name=search_term_string\"}],\"inLanguage\":\"fr-FR\"},{\"@type\":\"Organization\",\"@id\":\"https:\/\/www.apialarm.com\/fr\/#organization\",\"name\":\"a.p.i. ALARM\",\"url\":\"https:\/\/www.apialarm.com\/fr\/\",\"logo\":{\"@type\":\"ImageObject\",\"inLanguage\":\"fr-FR\",\"@id\":\"https:\/\/www.apialarm.com\/fr\/#\/schema\/logo\/image\/\",\"url\":\"https:\/\/www.apialarm.com\/wp-content\/uploads\/2023\/08\/api-alarm.png\",\"contentUrl\":\"https:\/\/www.apialarm.com\/wp-content\/uploads\/2023\/08\/api-alarm.png\",\"width\":696,\"height\":696,\"caption\":\"a.p.i. ALARM\"},\"image\":{\"@id\":\"https:\/\/www.apialarm.com\/fr\/#\/schema\/logo\/image\/\"}}]}<\/script>","yoast_head_json":{"title":"Surveillance des travailleurs isol\u00e9s et alarmes anti-panique | a.p.i. ALARM","description":"La surveillance des travailleurs isol\u00e9s et les alarmes de panique sont connect\u00e9es sans fil \u00e0 notre station de surveillance des alarmes certifi\u00e9e ULC. Plusieurs options sont disponibles, appelez-nous pour plus de d\u00e9tails.","robots":{"index":"index","follow":"follow","max-snippet":"max-snippet:-1","max-image-preview":"max-image-preview:large","max-video-preview":"max-video-preview:-1"},"canonical":"https:\/\/www.apialarm.com\/fr\/wp-json\/wp\/v2\/pages\/6794","og_locale":"fr_FR","og_type":"article","og_title":"Surveillance des travailleurs isol\u00e9s et alarmes anti-panique","og_description":"Les syst\u00e8mes de surveillance des travailleurs isol\u00e9s et des travailleurs \u00e0 distance fournissent un bouton d'alarme sans fil surveill\u00e9 pour assurer la s\u00e9curit\u00e9 de votre employ\u00e9.","og_url":"https:\/\/www.apialarm.com\/fr\/wp-json\/wp\/v2\/pages\/6794","og_site_name":"a.p.i. ALARM","article_modified_time":"2025-10-06T23:49:37+00:00","og_image":[{"url":"http:\/\/apialarm.com\/wp-content\/uploads\/2023\/07\/api-alarm-logo-Retina.png"}],"twitter_card":"summary_large_image","twitter_title":"Surveillance des travailleurs isol\u00e9s et alarmes anti-panique","twitter_description":"Les syst\u00e8mes de surveillance des travailleurs isol\u00e9s et des travailleurs \u00e0 distance fournissent un bouton d'alarme sans fil surveill\u00e9 pour assurer la s\u00e9curit\u00e9 de votre employ\u00e9.","twitter_image":"http:\/\/apialarm.com\/wp-content\/uploads\/2023\/07\/api-alarm-logo-Retina.png","schema":{"@context":"https:\/\/schema.org","@graph":[{"@type":"WebPage","@id":"https:\/\/www.apialarm.com\/fr\/wp-json\/wp\/v2\/pages\/6794","url":"https:\/\/www.apialarm.com\/fr\/wp-json\/wp\/v2\/pages\/6794","name":"Surveillance des travailleurs isol\u00e9s et alarmes anti-panique | a.p.i. ALARM","isPartOf":{"@id":"https:\/\/www.apialarm.com\/fr\/#website"},"datePublished":"2023-08-28T00:18:58+00:00","dateModified":"2025-10-06T23:49:37+00:00","description":"La surveillance des travailleurs isol\u00e9s et les alarmes de panique sont connect\u00e9es sans fil \u00e0 notre station de surveillance des alarmes certifi\u00e9e ULC. Plusieurs options sont disponibles, appelez-nous pour plus de d\u00e9tails.","breadcrumb":{"@id":"https:\/\/www.apialarm.com\/fr\/securite-commerciale\/surveillance-du-travailleur-isole-alarme-a-p-i\/#breadcrumb"},"inLanguage":"fr-FR","potentialAction":[{"@type":"ReadAction","target":["https:\/\/www.apialarm.com\/fr\/securite-commerciale\/surveillance-du-travailleur-isole-alarme-a-p-i\/"]}]},{"@type":"BreadcrumbList","@id":"https:\/\/www.apialarm.com\/fr\/securite-commerciale\/surveillance-du-travailleur-isole-alarme-a-p-i\/#breadcrumb","itemListElement":[{"@type":"ListItem","position":1,"name":"Accueil","item":"https:\/\/www.apialarm.com\/fr\/a-p-i-alarm-systemes-de-securite-et-surveillance-des-alarmes\/"},{"@type":"ListItem","position":2,"name":"Solutions de s\u00e9curit\u00e9 commerciale et surveillance d&#8217;alarme | a.p.i. ALARM","item":"https:\/\/www.apialarm.com\/fr\/securite-commerciale\/"},{"@type":"ListItem","position":3,"name":"Surveillance du travailleur isol\u00e9 | ALARME A.P.I."}]},{"@type":"WebSite","@id":"https:\/\/www.apialarm.com\/fr\/#website","url":"https:\/\/www.apialarm.com\/fr\/","name":"a.p.i. ALARM","description":"a.p.i. ALARM | Solutions de s\u00e9curit\u00e9 r\u00e9sidentielle et commerciale et surveillance des alarmes","publisher":{"@id":"https:\/\/www.apialarm.com\/fr\/#organization"},"potentialAction":[{"@type":"SearchAction","target":{"@type":"EntryPoint","urlTemplate":"https:\/\/www.apialarm.com\/fr\/?s={search_term_string}"},"query-input":"required name=search_term_string"}],"inLanguage":"fr-FR"},{"@type":"Organization","@id":"https:\/\/www.apialarm.com\/fr\/#organization","name":"a.p.i. ALARM","url":"https:\/\/www.apialarm.com\/fr\/","logo":{"@type":"ImageObject","inLanguage":"fr-FR","@id":"https:\/\/www.apialarm.com\/fr\/#\/schema\/logo\/image\/","url":"https:\/\/www.apialarm.com\/wp-content\/uploads\/2023\/08\/api-alarm.png","contentUrl":"https:\/\/www.apialarm.com\/wp-content\/uploads\/2023\/08\/api-alarm.png","width":696,"height":696,"caption":"a.p.i. ALARM"},"image":{"@id":"https:\/\/www.apialarm.com\/fr\/#\/schema\/logo\/image\/"}}]}},"_links":{"self":[{"href":"https:\/\/www.apialarm.com\/fr\/wp-json\/wp\/v2\/pages\/6794"}],"collection":[{"href":"https:\/\/www.apialarm.com\/fr\/wp-json\/wp\/v2\/pages"}],"about":[{"href":"https:\/\/www.apialarm.com\/fr\/wp-json\/wp\/v2\/types\/page"}],"author":[{"embeddable":true,"href":"https:\/\/www.apialarm.com\/fr\/wp-json\/wp\/v2\/users\/5"}],"replies":[{"embeddable":true,"href":"https:\/\/www.apialarm.com\/fr\/wp-json\/wp\/v2\/comments?post=6794"}],"version-history":[{"count":2,"href":"https:\/\/www.apialarm.com\/fr\/wp-json\/wp\/v2\/pages\/6794\/revisions"}],"predecessor-version":[{"id":7408,"href":"https:\/\/www.apialarm.com\/fr\/wp-json\/wp\/v2\/pages\/6794\/revisions\/7408"}],"up":[{"embeddable":true,"href":"https:\/\/www.apialarm.com\/fr\/wp-json\/wp\/v2\/pages\/6790"}],"wp:attachment":[{"href":"https:\/\/www.apialarm.com\/fr\/wp-json\/wp\/v2\/media?parent=6794"}],"curies":[{"name":"wp","href":"https:\/\/api.w.org\/{rel}","templated":true}]}}