{"id":6790,"date":"2023-08-28T16:28:53","date_gmt":"2023-08-28T20:28:53","guid":{"rendered":"https:\/\/www.apialarm.com\/solutions-de-securite-commerciale-et-surveillance-dalarme-a-p-i-alarm\/"},"modified":"2026-02-12T09:23:37","modified_gmt":"2026-02-12T14:23:37","slug":"securite-commerciale","status":"publish","type":"page","link":"https:\/\/www.apialarm.com\/fr\/securite-commerciale\/","title":{"rendered":"Solutions de s\u00e9curit\u00e9 commerciale et surveillance d&rsquo;alarme | a.p.i. ALARM"},"content":{"rendered":"","protected":false},"excerpt":{"rendered":"","protected":false},"author":5,"featured_media":0,"parent":0,"menu_order":0,"comment_status":"closed","ping_status":"closed","template":"","meta":{"footnotes":""},"acf":[],"yoast_head":"<title>Solutions de s\u00e9curit\u00e9 commerciale et surveillance d&#039;alarme | a.p.i. ALARM<\/title>\n<meta name=\"description\" content=\"Solutions de s\u00e9curit\u00e9 commerciale, syst\u00e8mes de s\u00e9curit\u00e9, syst\u00e8mes de vid\u00e9osurveillance, contr\u00f4le d&#039;acc\u00e8s, surveillance des alarmes incendie et surveillance des alarmes 24 heures sur 24 et 7 jours sur 7\" \/>\n<meta name=\"robots\" content=\"index, follow, max-snippet:-1, max-image-preview:large, max-video-preview:-1\" \/>\n<link rel=\"canonical\" href=\"https:\/\/www.apialarm.com\/fr\/wp-json\/wp\/v2\/pages\/6790\" \/>\n<meta property=\"og:locale\" content=\"fr_FR\" \/>\n<meta property=\"og:type\" content=\"article\" \/>\n<meta property=\"og:title\" content=\"Solutions de s\u00e9curit\u00e9 pour les entreprises et surveillance des alarmes\" \/>\n<meta property=\"og:description\" content=\"Solutions de s\u00e9curit\u00e9 pour les entreprises de toutes tailles, y compris les syst\u00e8mes de s\u00e9curit\u00e9, la vid\u00e9osurveillance, le contr\u00f4le d&#039;acc\u00e8s, la surveillance des incendies ULC et la surveillance des alarmes.\" \/>\n<meta property=\"og:url\" content=\"https:\/\/www.apialarm.com\/fr\/wp-json\/wp\/v2\/pages\/6790\" \/>\n<meta property=\"og:site_name\" content=\"a.p.i. ALARM\" \/>\n<meta property=\"article:modified_time\" content=\"2026-02-12T14:23:37+00:00\" \/>\n<meta property=\"og:image\" content=\"http:\/\/apialarm.com\/wp-content\/uploads\/2023\/07\/api-alarm-logo-Retina.png\" \/>\n<meta name=\"twitter:card\" content=\"summary_large_image\" \/>\n<meta name=\"twitter:title\" content=\"Solutions de s\u00e9curit\u00e9 pour les entreprises et surveillance des alarmes\" \/>\n<meta name=\"twitter:description\" content=\"Solutions de s\u00e9curit\u00e9 pour les entreprises de toutes tailles, y compris les syst\u00e8mes de s\u00e9curit\u00e9, la vid\u00e9osurveillance, le contr\u00f4le d&#039;acc\u00e8s, la surveillance des incendies ULC et la surveillance des alarmes.\" \/>\n<meta name=\"twitter:image\" content=\"http:\/\/apialarm.com\/wp-content\/uploads\/2023\/07\/api-alarm-logo-Retina.png\" \/>\n<script type=\"application\/ld+json\" class=\"yoast-schema-graph\">{\"@context\":\"https:\/\/schema.org\",\"@graph\":[{\"@type\":\"WebPage\",\"@id\":\"https:\/\/www.apialarm.com\/fr\/wp-json\/wp\/v2\/pages\/6790\",\"url\":\"https:\/\/www.apialarm.com\/fr\/wp-json\/wp\/v2\/pages\/6790\",\"name\":\"Solutions de s\u00e9curit\u00e9 commerciale et surveillance d'alarme | a.p.i. ALARM\",\"isPartOf\":{\"@id\":\"https:\/\/www.apialarm.com\/fr\/#website\"},\"datePublished\":\"2023-08-28T20:28:53+00:00\",\"dateModified\":\"2026-02-12T14:23:37+00:00\",\"description\":\"Solutions de s\u00e9curit\u00e9 commerciale, syst\u00e8mes de s\u00e9curit\u00e9, syst\u00e8mes de vid\u00e9osurveillance, contr\u00f4le d'acc\u00e8s, surveillance des alarmes incendie et surveillance des alarmes 24 heures sur 24 et 7 jours sur 7\",\"breadcrumb\":{\"@id\":\"https:\/\/www.apialarm.com\/fr\/securite-commerciale\/#breadcrumb\"},\"inLanguage\":\"fr-FR\",\"potentialAction\":[{\"@type\":\"ReadAction\",\"target\":[\"https:\/\/www.apialarm.com\/fr\/securite-commerciale\/\"]}]},{\"@type\":\"BreadcrumbList\",\"@id\":\"https:\/\/www.apialarm.com\/fr\/securite-commerciale\/#breadcrumb\",\"itemListElement\":[{\"@type\":\"ListItem\",\"position\":1,\"name\":\"Accueil\",\"item\":\"https:\/\/www.apialarm.com\/fr\/a-p-i-alarm-systemes-de-securite-et-surveillance-des-alarmes\/\"},{\"@type\":\"ListItem\",\"position\":2,\"name\":\"Solutions de s\u00e9curit\u00e9 commerciale et surveillance d&#8217;alarme | a.p.i. ALARM\"}]},{\"@type\":\"WebSite\",\"@id\":\"https:\/\/www.apialarm.com\/fr\/#website\",\"url\":\"https:\/\/www.apialarm.com\/fr\/\",\"name\":\"a.p.i. ALARM\",\"description\":\"a.p.i. ALARM | Solutions de s\u00e9curit\u00e9 r\u00e9sidentielle et commerciale et surveillance des alarmes\",\"publisher\":{\"@id\":\"https:\/\/www.apialarm.com\/fr\/#organization\"},\"potentialAction\":[{\"@type\":\"SearchAction\",\"target\":{\"@type\":\"EntryPoint\",\"urlTemplate\":\"https:\/\/www.apialarm.com\/fr\/?s={search_term_string}\"},\"query-input\":\"required name=search_term_string\"}],\"inLanguage\":\"fr-FR\"},{\"@type\":\"Organization\",\"@id\":\"https:\/\/www.apialarm.com\/fr\/#organization\",\"name\":\"a.p.i. ALARM\",\"url\":\"https:\/\/www.apialarm.com\/fr\/\",\"logo\":{\"@type\":\"ImageObject\",\"inLanguage\":\"fr-FR\",\"@id\":\"https:\/\/www.apialarm.com\/fr\/#\/schema\/logo\/image\/\",\"url\":\"https:\/\/www.apialarm.com\/wp-content\/uploads\/2023\/08\/api-alarm.png\",\"contentUrl\":\"https:\/\/www.apialarm.com\/wp-content\/uploads\/2023\/08\/api-alarm.png\",\"width\":696,\"height\":696,\"caption\":\"a.p.i. ALARM\"},\"image\":{\"@id\":\"https:\/\/www.apialarm.com\/fr\/#\/schema\/logo\/image\/\"}}]}<\/script>","yoast_head_json":{"title":"Solutions de s\u00e9curit\u00e9 commerciale et surveillance d'alarme | a.p.i. ALARM","description":"Solutions de s\u00e9curit\u00e9 commerciale, syst\u00e8mes de s\u00e9curit\u00e9, syst\u00e8mes de vid\u00e9osurveillance, contr\u00f4le d'acc\u00e8s, surveillance des alarmes incendie et surveillance des alarmes 24 heures sur 24 et 7 jours sur 7","robots":{"index":"index","follow":"follow","max-snippet":"max-snippet:-1","max-image-preview":"max-image-preview:large","max-video-preview":"max-video-preview:-1"},"canonical":"https:\/\/www.apialarm.com\/fr\/wp-json\/wp\/v2\/pages\/6790","og_locale":"fr_FR","og_type":"article","og_title":"Solutions de s\u00e9curit\u00e9 pour les entreprises et surveillance des alarmes","og_description":"Solutions de s\u00e9curit\u00e9 pour les entreprises de toutes tailles, y compris les syst\u00e8mes de s\u00e9curit\u00e9, la vid\u00e9osurveillance, le contr\u00f4le d'acc\u00e8s, la surveillance des incendies ULC et la surveillance des alarmes.","og_url":"https:\/\/www.apialarm.com\/fr\/wp-json\/wp\/v2\/pages\/6790","og_site_name":"a.p.i. ALARM","article_modified_time":"2026-02-12T14:23:37+00:00","og_image":[{"url":"http:\/\/apialarm.com\/wp-content\/uploads\/2023\/07\/api-alarm-logo-Retina.png"}],"twitter_card":"summary_large_image","twitter_title":"Solutions de s\u00e9curit\u00e9 pour les entreprises et surveillance des alarmes","twitter_description":"Solutions de s\u00e9curit\u00e9 pour les entreprises de toutes tailles, y compris les syst\u00e8mes de s\u00e9curit\u00e9, la vid\u00e9osurveillance, le contr\u00f4le d'acc\u00e8s, la surveillance des incendies ULC et la surveillance des alarmes.","twitter_image":"http:\/\/apialarm.com\/wp-content\/uploads\/2023\/07\/api-alarm-logo-Retina.png","schema":{"@context":"https:\/\/schema.org","@graph":[{"@type":"WebPage","@id":"https:\/\/www.apialarm.com\/fr\/wp-json\/wp\/v2\/pages\/6790","url":"https:\/\/www.apialarm.com\/fr\/wp-json\/wp\/v2\/pages\/6790","name":"Solutions de s\u00e9curit\u00e9 commerciale et surveillance d'alarme | a.p.i. ALARM","isPartOf":{"@id":"https:\/\/www.apialarm.com\/fr\/#website"},"datePublished":"2023-08-28T20:28:53+00:00","dateModified":"2026-02-12T14:23:37+00:00","description":"Solutions de s\u00e9curit\u00e9 commerciale, syst\u00e8mes de s\u00e9curit\u00e9, syst\u00e8mes de vid\u00e9osurveillance, contr\u00f4le d'acc\u00e8s, surveillance des alarmes incendie et surveillance des alarmes 24 heures sur 24 et 7 jours sur 7","breadcrumb":{"@id":"https:\/\/www.apialarm.com\/fr\/securite-commerciale\/#breadcrumb"},"inLanguage":"fr-FR","potentialAction":[{"@type":"ReadAction","target":["https:\/\/www.apialarm.com\/fr\/securite-commerciale\/"]}]},{"@type":"BreadcrumbList","@id":"https:\/\/www.apialarm.com\/fr\/securite-commerciale\/#breadcrumb","itemListElement":[{"@type":"ListItem","position":1,"name":"Accueil","item":"https:\/\/www.apialarm.com\/fr\/a-p-i-alarm-systemes-de-securite-et-surveillance-des-alarmes\/"},{"@type":"ListItem","position":2,"name":"Solutions de s\u00e9curit\u00e9 commerciale et surveillance d&#8217;alarme | a.p.i. ALARM"}]},{"@type":"WebSite","@id":"https:\/\/www.apialarm.com\/fr\/#website","url":"https:\/\/www.apialarm.com\/fr\/","name":"a.p.i. ALARM","description":"a.p.i. ALARM | Solutions de s\u00e9curit\u00e9 r\u00e9sidentielle et commerciale et surveillance des alarmes","publisher":{"@id":"https:\/\/www.apialarm.com\/fr\/#organization"},"potentialAction":[{"@type":"SearchAction","target":{"@type":"EntryPoint","urlTemplate":"https:\/\/www.apialarm.com\/fr\/?s={search_term_string}"},"query-input":"required name=search_term_string"}],"inLanguage":"fr-FR"},{"@type":"Organization","@id":"https:\/\/www.apialarm.com\/fr\/#organization","name":"a.p.i. ALARM","url":"https:\/\/www.apialarm.com\/fr\/","logo":{"@type":"ImageObject","inLanguage":"fr-FR","@id":"https:\/\/www.apialarm.com\/fr\/#\/schema\/logo\/image\/","url":"https:\/\/www.apialarm.com\/wp-content\/uploads\/2023\/08\/api-alarm.png","contentUrl":"https:\/\/www.apialarm.com\/wp-content\/uploads\/2023\/08\/api-alarm.png","width":696,"height":696,"caption":"a.p.i. ALARM"},"image":{"@id":"https:\/\/www.apialarm.com\/fr\/#\/schema\/logo\/image\/"}}]}},"_links":{"self":[{"href":"https:\/\/www.apialarm.com\/fr\/wp-json\/wp\/v2\/pages\/6790"}],"collection":[{"href":"https:\/\/www.apialarm.com\/fr\/wp-json\/wp\/v2\/pages"}],"about":[{"href":"https:\/\/www.apialarm.com\/fr\/wp-json\/wp\/v2\/types\/page"}],"author":[{"embeddable":true,"href":"https:\/\/www.apialarm.com\/fr\/wp-json\/wp\/v2\/users\/5"}],"replies":[{"embeddable":true,"href":"https:\/\/www.apialarm.com\/fr\/wp-json\/wp\/v2\/comments?post=6790"}],"version-history":[{"count":6,"href":"https:\/\/www.apialarm.com\/fr\/wp-json\/wp\/v2\/pages\/6790\/revisions"}],"predecessor-version":[{"id":7446,"href":"https:\/\/www.apialarm.com\/fr\/wp-json\/wp\/v2\/pages\/6790\/revisions\/7446"}],"wp:attachment":[{"href":"https:\/\/www.apialarm.com\/fr\/wp-json\/wp\/v2\/media?parent=6790"}],"curies":[{"name":"wp","href":"https:\/\/api.w.org\/{rel}","templated":true}]}}