{"id":6785,"date":"2023-08-02T14:26:59","date_gmt":"2023-08-02T18:26:59","guid":{"rendered":"https:\/\/www.apialarm.com\/ressources-en-matiere-de-surete-et-de-securite-a-p-i-alarm\/"},"modified":"2025-10-06T19:48:50","modified_gmt":"2025-10-06T23:48:50","slug":"ressources-en-matiere-de-surete-et-de-securite-a-p-i-alarm","status":"publish","type":"page","link":"https:\/\/www.apialarm.com\/fr\/ressources-en-matiere-de-surete-et-de-securite-a-p-i-alarm\/","title":{"rendered":"Ressources en mati\u00e8re de s\u00fbret\u00e9 et de s\u00e9curit\u00e9 | a.p.i. ALARM"},"content":{"rendered":"","protected":false},"excerpt":{"rendered":"","protected":false},"author":4,"featured_media":0,"parent":0,"menu_order":0,"comment_status":"closed","ping_status":"closed","template":"","meta":{"footnotes":""},"acf":[],"yoast_head":"<title>S\u00e9curit\u00e9 et s\u00fbret\u00e9 Ressources en mati\u00e8re de s\u00e9curit\u00e9 | a.p.i. ALARM<\/title>\n<meta name=\"description\" content=\"Conseils, ressources et articles de blog sur la s\u00e9curit\u00e9 et les syst\u00e8mes de s\u00e9curit\u00e9 pour les particuliers et les entreprises.\" \/>\n<meta name=\"robots\" content=\"index, follow, max-snippet:-1, max-image-preview:large, max-video-preview:-1\" \/>\n<link rel=\"canonical\" href=\"https:\/\/www.apialarm.com\/fr\/wp-json\/wp\/v2\/pages\/6785\" \/>\n<meta property=\"og:locale\" content=\"fr_FR\" \/>\n<meta property=\"og:type\" content=\"article\" \/>\n<meta property=\"og:title\" content=\"Ressources en mati\u00e8re de s\u00fbret\u00e9 et de s\u00e9curit\u00e9\" \/>\n<meta property=\"og:description\" content=\"Conseils de s\u00e9curit\u00e9, ressources et articles de blog sur divers sujets concernant les solutions de s\u00e9curit\u00e9 domestique et commerciale et les conseils de s\u00e9curit\u00e9.\" \/>\n<meta property=\"og:url\" content=\"https:\/\/www.apialarm.com\/fr\/wp-json\/wp\/v2\/pages\/6785\" \/>\n<meta property=\"og:site_name\" content=\"a.p.i. ALARM\" \/>\n<meta property=\"article:modified_time\" content=\"2025-10-06T23:48:50+00:00\" \/>\n<meta property=\"og:image\" content=\"https:\/\/www.apialarm.com\/wp-content\/uploads\/2023\/09\/api-ALARM-ogfb.jpg\" \/>\n\t<meta property=\"og:image:width\" content=\"1230\" \/>\n\t<meta property=\"og:image:height\" content=\"630\" \/>\n\t<meta property=\"og:image:type\" content=\"image\/jpeg\" \/>\n<meta name=\"twitter:card\" content=\"summary_large_image\" \/>\n<meta name=\"twitter:title\" content=\"Ressources en mati\u00e8re de s\u00fbret\u00e9 et de s\u00e9curit\u00e9\" \/>\n<meta name=\"twitter:description\" content=\"Conseils de s\u00e9curit\u00e9, ressources et articles de blog sur divers sujets concernant les solutions de s\u00e9curit\u00e9 domestique et commerciale et les conseils de s\u00e9curit\u00e9.\" \/>\n<script type=\"application\/ld+json\" class=\"yoast-schema-graph\">{\"@context\":\"https:\/\/schema.org\",\"@graph\":[{\"@type\":\"WebPage\",\"@id\":\"https:\/\/www.apialarm.com\/fr\/wp-json\/wp\/v2\/pages\/6785\",\"url\":\"https:\/\/www.apialarm.com\/fr\/wp-json\/wp\/v2\/pages\/6785\",\"name\":\"S\u00e9curit\u00e9 et s\u00fbret\u00e9 Ressources en mati\u00e8re de s\u00e9curit\u00e9 | a.p.i. ALARM\",\"isPartOf\":{\"@id\":\"https:\/\/www.apialarm.com\/fr\/#website\"},\"datePublished\":\"2023-08-02T18:26:59+00:00\",\"dateModified\":\"2025-10-06T23:48:50+00:00\",\"description\":\"Conseils, ressources et articles de blog sur la s\u00e9curit\u00e9 et les syst\u00e8mes de s\u00e9curit\u00e9 pour les particuliers et les entreprises.\",\"breadcrumb\":{\"@id\":\"https:\/\/www.apialarm.com\/fr\/ressources-en-matiere-de-surete-et-de-securite-a-p-i-alarm\/#breadcrumb\"},\"inLanguage\":\"fr-FR\",\"potentialAction\":[{\"@type\":\"ReadAction\",\"target\":[\"https:\/\/www.apialarm.com\/fr\/ressources-en-matiere-de-surete-et-de-securite-a-p-i-alarm\/\"]}]},{\"@type\":\"BreadcrumbList\",\"@id\":\"https:\/\/www.apialarm.com\/fr\/ressources-en-matiere-de-surete-et-de-securite-a-p-i-alarm\/#breadcrumb\",\"itemListElement\":[{\"@type\":\"ListItem\",\"position\":1,\"name\":\"Accueil\",\"item\":\"https:\/\/www.apialarm.com\/fr\/a-p-i-alarm-systemes-de-securite-et-surveillance-des-alarmes\/\"},{\"@type\":\"ListItem\",\"position\":2,\"name\":\"Ressources en mati\u00e8re de s\u00fbret\u00e9 et de s\u00e9curit\u00e9 | a.p.i. ALARM\"}]},{\"@type\":\"WebSite\",\"@id\":\"https:\/\/www.apialarm.com\/fr\/#website\",\"url\":\"https:\/\/www.apialarm.com\/fr\/\",\"name\":\"a.p.i. ALARM\",\"description\":\"a.p.i. ALARM | Solutions de s\u00e9curit\u00e9 r\u00e9sidentielle et commerciale et surveillance des alarmes\",\"publisher\":{\"@id\":\"https:\/\/www.apialarm.com\/fr\/#organization\"},\"potentialAction\":[{\"@type\":\"SearchAction\",\"target\":{\"@type\":\"EntryPoint\",\"urlTemplate\":\"https:\/\/www.apialarm.com\/fr\/?s={search_term_string}\"},\"query-input\":\"required name=search_term_string\"}],\"inLanguage\":\"fr-FR\"},{\"@type\":\"Organization\",\"@id\":\"https:\/\/www.apialarm.com\/fr\/#organization\",\"name\":\"a.p.i. ALARM\",\"url\":\"https:\/\/www.apialarm.com\/fr\/\",\"logo\":{\"@type\":\"ImageObject\",\"inLanguage\":\"fr-FR\",\"@id\":\"https:\/\/www.apialarm.com\/fr\/#\/schema\/logo\/image\/\",\"url\":\"https:\/\/www.apialarm.com\/wp-content\/uploads\/2023\/08\/api-alarm.png\",\"contentUrl\":\"https:\/\/www.apialarm.com\/wp-content\/uploads\/2023\/08\/api-alarm.png\",\"width\":696,\"height\":696,\"caption\":\"a.p.i. ALARM\"},\"image\":{\"@id\":\"https:\/\/www.apialarm.com\/fr\/#\/schema\/logo\/image\/\"}}]}<\/script>","yoast_head_json":{"title":"S\u00e9curit\u00e9 et s\u00fbret\u00e9 Ressources en mati\u00e8re de s\u00e9curit\u00e9 | a.p.i. ALARM","description":"Conseils, ressources et articles de blog sur la s\u00e9curit\u00e9 et les syst\u00e8mes de s\u00e9curit\u00e9 pour les particuliers et les entreprises.","robots":{"index":"index","follow":"follow","max-snippet":"max-snippet:-1","max-image-preview":"max-image-preview:large","max-video-preview":"max-video-preview:-1"},"canonical":"https:\/\/www.apialarm.com\/fr\/wp-json\/wp\/v2\/pages\/6785","og_locale":"fr_FR","og_type":"article","og_title":"Ressources en mati\u00e8re de s\u00fbret\u00e9 et de s\u00e9curit\u00e9","og_description":"Conseils de s\u00e9curit\u00e9, ressources et articles de blog sur divers sujets concernant les solutions de s\u00e9curit\u00e9 domestique et commerciale et les conseils de s\u00e9curit\u00e9.","og_url":"https:\/\/www.apialarm.com\/fr\/wp-json\/wp\/v2\/pages\/6785","og_site_name":"a.p.i. ALARM","article_modified_time":"2025-10-06T23:48:50+00:00","og_image":[{"width":1230,"height":630,"url":"https:\/\/www.apialarm.com\/wp-content\/uploads\/2023\/09\/api-ALARM-ogfb.jpg","type":"image\/jpeg"}],"twitter_card":"summary_large_image","twitter_title":"Ressources en mati\u00e8re de s\u00fbret\u00e9 et de s\u00e9curit\u00e9","twitter_description":"Conseils de s\u00e9curit\u00e9, ressources et articles de blog sur divers sujets concernant les solutions de s\u00e9curit\u00e9 domestique et commerciale et les conseils de s\u00e9curit\u00e9.","schema":{"@context":"https:\/\/schema.org","@graph":[{"@type":"WebPage","@id":"https:\/\/www.apialarm.com\/fr\/wp-json\/wp\/v2\/pages\/6785","url":"https:\/\/www.apialarm.com\/fr\/wp-json\/wp\/v2\/pages\/6785","name":"S\u00e9curit\u00e9 et s\u00fbret\u00e9 Ressources en mati\u00e8re de s\u00e9curit\u00e9 | a.p.i. ALARM","isPartOf":{"@id":"https:\/\/www.apialarm.com\/fr\/#website"},"datePublished":"2023-08-02T18:26:59+00:00","dateModified":"2025-10-06T23:48:50+00:00","description":"Conseils, ressources et articles de blog sur la s\u00e9curit\u00e9 et les syst\u00e8mes de s\u00e9curit\u00e9 pour les particuliers et les entreprises.","breadcrumb":{"@id":"https:\/\/www.apialarm.com\/fr\/ressources-en-matiere-de-surete-et-de-securite-a-p-i-alarm\/#breadcrumb"},"inLanguage":"fr-FR","potentialAction":[{"@type":"ReadAction","target":["https:\/\/www.apialarm.com\/fr\/ressources-en-matiere-de-surete-et-de-securite-a-p-i-alarm\/"]}]},{"@type":"BreadcrumbList","@id":"https:\/\/www.apialarm.com\/fr\/ressources-en-matiere-de-surete-et-de-securite-a-p-i-alarm\/#breadcrumb","itemListElement":[{"@type":"ListItem","position":1,"name":"Accueil","item":"https:\/\/www.apialarm.com\/fr\/a-p-i-alarm-systemes-de-securite-et-surveillance-des-alarmes\/"},{"@type":"ListItem","position":2,"name":"Ressources en mati\u00e8re de s\u00fbret\u00e9 et de s\u00e9curit\u00e9 | a.p.i. ALARM"}]},{"@type":"WebSite","@id":"https:\/\/www.apialarm.com\/fr\/#website","url":"https:\/\/www.apialarm.com\/fr\/","name":"a.p.i. ALARM","description":"a.p.i. ALARM | Solutions de s\u00e9curit\u00e9 r\u00e9sidentielle et commerciale et surveillance des alarmes","publisher":{"@id":"https:\/\/www.apialarm.com\/fr\/#organization"},"potentialAction":[{"@type":"SearchAction","target":{"@type":"EntryPoint","urlTemplate":"https:\/\/www.apialarm.com\/fr\/?s={search_term_string}"},"query-input":"required name=search_term_string"}],"inLanguage":"fr-FR"},{"@type":"Organization","@id":"https:\/\/www.apialarm.com\/fr\/#organization","name":"a.p.i. ALARM","url":"https:\/\/www.apialarm.com\/fr\/","logo":{"@type":"ImageObject","inLanguage":"fr-FR","@id":"https:\/\/www.apialarm.com\/fr\/#\/schema\/logo\/image\/","url":"https:\/\/www.apialarm.com\/wp-content\/uploads\/2023\/08\/api-alarm.png","contentUrl":"https:\/\/www.apialarm.com\/wp-content\/uploads\/2023\/08\/api-alarm.png","width":696,"height":696,"caption":"a.p.i. ALARM"},"image":{"@id":"https:\/\/www.apialarm.com\/fr\/#\/schema\/logo\/image\/"}}]}},"_links":{"self":[{"href":"https:\/\/www.apialarm.com\/fr\/wp-json\/wp\/v2\/pages\/6785"}],"collection":[{"href":"https:\/\/www.apialarm.com\/fr\/wp-json\/wp\/v2\/pages"}],"about":[{"href":"https:\/\/www.apialarm.com\/fr\/wp-json\/wp\/v2\/types\/page"}],"author":[{"embeddable":true,"href":"https:\/\/www.apialarm.com\/fr\/wp-json\/wp\/v2\/users\/4"}],"replies":[{"embeddable":true,"href":"https:\/\/www.apialarm.com\/fr\/wp-json\/wp\/v2\/comments?post=6785"}],"version-history":[{"count":3,"href":"https:\/\/www.apialarm.com\/fr\/wp-json\/wp\/v2\/pages\/6785\/revisions"}],"predecessor-version":[{"id":7400,"href":"https:\/\/www.apialarm.com\/fr\/wp-json\/wp\/v2\/pages\/6785\/revisions\/7400"}],"wp:attachment":[{"href":"https:\/\/www.apialarm.com\/fr\/wp-json\/wp\/v2\/media?parent=6785"}],"curies":[{"name":"wp","href":"https:\/\/api.w.org\/{rel}","templated":true}]}}