{"id":6783,"date":"2023-08-03T14:39:00","date_gmt":"2023-08-03T18:39:00","guid":{"rendered":"https:\/\/www.apialarm.com\/telesurveillance-a-domicile-a-p-i-alarm\/"},"modified":"2025-11-28T15:52:25","modified_gmt":"2025-11-28T20:52:25","slug":"telesurveillance-a-domicile-a-p-i-alarm","status":"publish","type":"page","link":"https:\/\/www.apialarm.com\/fr\/securite-residentielle\/telesurveillance-a-domicile-a-p-i-alarm\/","title":{"rendered":"T\u00e9l\u00e9surveillance \u00e0 domicile | a.p.i. ALARM"},"content":{"rendered":"","protected":false},"excerpt":{"rendered":"","protected":false},"author":4,"featured_media":0,"parent":6796,"menu_order":0,"comment_status":"closed","ping_status":"closed","template":"","meta":{"footnotes":""},"acf":[],"yoast_head":"<title>T\u00e9l\u00e9surveillance \u00e0 domicile | a.p.i. ALARM<\/title>\n<meta name=\"description\" content=\"Prot\u00e9gez votre maison avec une surveillance d&#039;alarme 24 heures sur 24 et 7 jours sur 7. Vous pouvez compter sur notre station de surveillance certifi\u00e9e ULC. Facile \u00e0 installer avec votre syst\u00e8me existant.\" \/>\n<meta name=\"robots\" content=\"index, follow, max-snippet:-1, max-image-preview:large, max-video-preview:-1\" \/>\n<link rel=\"canonical\" href=\"https:\/\/www.apialarm.com\/fr\/wp-json\/wp\/v2\/pages\/6783\" \/>\n<meta property=\"og:locale\" content=\"fr_FR\" \/>\n<meta property=\"og:type\" content=\"article\" \/>\n<meta property=\"og:title\" content=\"Surveillance des alarmes de s\u00e9curit\u00e9 \u00e0 domicile | a.p.i. ALARM.\" \/>\n<meta property=\"og:description\" content=\"Nous fournissons une surveillance d&#039;alarme certifi\u00e9e ULC pour les syst\u00e8mes de s\u00e9curit\u00e9 \u00e0 domicile, les syst\u00e8mes d&#039;alarme incendie et les d\u00e9tecteurs de monoxyde de carbone, de temp\u00e9rature et d&#039;eau.\" \/>\n<meta property=\"og:url\" content=\"https:\/\/www.apialarm.com\/fr\/wp-json\/wp\/v2\/pages\/6783\" \/>\n<meta property=\"og:site_name\" content=\"a.p.i. ALARM\" \/>\n<meta property=\"article:modified_time\" content=\"2025-11-28T20:52:25+00:00\" \/>\n<meta property=\"og:image\" content=\"http:\/\/apialarm.com\/wp-content\/uploads\/2023\/07\/api-alarm-logo-Retina.png\" \/>\n<meta name=\"twitter:card\" content=\"summary_large_image\" \/>\n<meta name=\"twitter:title\" content=\"Surveillance des alarmes de s\u00e9curit\u00e9 \u00e0 domicile | a.p.i. ALARM.\" \/>\n<meta name=\"twitter:description\" content=\"Nous fournissons une surveillance d&#039;alarme certifi\u00e9e ULC pour les syst\u00e8mes de s\u00e9curit\u00e9 \u00e0 domicile, les syst\u00e8mes d&#039;alarme incendie et les d\u00e9tecteurs de monoxyde de carbone, de temp\u00e9rature et d&#039;eau.\" \/>\n<meta name=\"twitter:image\" content=\"http:\/\/apialarm.com\/wp-content\/uploads\/2023\/07\/api-alarm-logo-Retina.png\" \/>\n<script type=\"application\/ld+json\" class=\"yoast-schema-graph\">{\"@context\":\"https:\/\/schema.org\",\"@graph\":[{\"@type\":\"WebPage\",\"@id\":\"https:\/\/www.apialarm.com\/fr\/wp-json\/wp\/v2\/pages\/6783\",\"url\":\"https:\/\/www.apialarm.com\/fr\/wp-json\/wp\/v2\/pages\/6783\",\"name\":\"T\u00e9l\u00e9surveillance \u00e0 domicile | a.p.i. ALARM\",\"isPartOf\":{\"@id\":\"https:\/\/www.apialarm.com\/fr\/#website\"},\"datePublished\":\"2023-08-03T18:39:00+00:00\",\"dateModified\":\"2025-11-28T20:52:25+00:00\",\"description\":\"Prot\u00e9gez votre maison avec une surveillance d'alarme 24 heures sur 24 et 7 jours sur 7. Vous pouvez compter sur notre station de surveillance certifi\u00e9e ULC. Facile \u00e0 installer avec votre syst\u00e8me existant.\",\"breadcrumb\":{\"@id\":\"https:\/\/www.apialarm.com\/fr\/securite-residentielle\/telesurveillance-a-domicile-a-p-i-alarm\/#breadcrumb\"},\"inLanguage\":\"fr-FR\",\"potentialAction\":[{\"@type\":\"ReadAction\",\"target\":[\"https:\/\/www.apialarm.com\/fr\/securite-residentielle\/telesurveillance-a-domicile-a-p-i-alarm\/\"]}]},{\"@type\":\"BreadcrumbList\",\"@id\":\"https:\/\/www.apialarm.com\/fr\/securite-residentielle\/telesurveillance-a-domicile-a-p-i-alarm\/#breadcrumb\",\"itemListElement\":[{\"@type\":\"ListItem\",\"position\":1,\"name\":\"Accueil\",\"item\":\"https:\/\/www.apialarm.com\/fr\/a-p-i-alarm-systemes-de-securite-et-surveillance-des-alarmes\/\"},{\"@type\":\"ListItem\",\"position\":2,\"name\":\"Solutions de s\u00e9curit\u00e9 r\u00e9sidentielle et surveillance d&#8217;alarme | a.p.i. ALARM\",\"item\":\"https:\/\/www.apialarm.com\/fr\/securite-residentielle\/\"},{\"@type\":\"ListItem\",\"position\":3,\"name\":\"T\u00e9l\u00e9surveillance \u00e0 domicile | a.p.i. ALARM\"}]},{\"@type\":\"WebSite\",\"@id\":\"https:\/\/www.apialarm.com\/fr\/#website\",\"url\":\"https:\/\/www.apialarm.com\/fr\/\",\"name\":\"a.p.i. ALARM\",\"description\":\"a.p.i. ALARM | Solutions de s\u00e9curit\u00e9 r\u00e9sidentielle et commerciale et surveillance des alarmes\",\"publisher\":{\"@id\":\"https:\/\/www.apialarm.com\/fr\/#organization\"},\"potentialAction\":[{\"@type\":\"SearchAction\",\"target\":{\"@type\":\"EntryPoint\",\"urlTemplate\":\"https:\/\/www.apialarm.com\/fr\/?s={search_term_string}\"},\"query-input\":\"required name=search_term_string\"}],\"inLanguage\":\"fr-FR\"},{\"@type\":\"Organization\",\"@id\":\"https:\/\/www.apialarm.com\/fr\/#organization\",\"name\":\"a.p.i. ALARM\",\"url\":\"https:\/\/www.apialarm.com\/fr\/\",\"logo\":{\"@type\":\"ImageObject\",\"inLanguage\":\"fr-FR\",\"@id\":\"https:\/\/www.apialarm.com\/fr\/#\/schema\/logo\/image\/\",\"url\":\"https:\/\/www.apialarm.com\/wp-content\/uploads\/2023\/08\/api-alarm.png\",\"contentUrl\":\"https:\/\/www.apialarm.com\/wp-content\/uploads\/2023\/08\/api-alarm.png\",\"width\":696,\"height\":696,\"caption\":\"a.p.i. ALARM\"},\"image\":{\"@id\":\"https:\/\/www.apialarm.com\/fr\/#\/schema\/logo\/image\/\"}}]}<\/script>","yoast_head_json":{"title":"T\u00e9l\u00e9surveillance \u00e0 domicile | a.p.i. ALARM","description":"Prot\u00e9gez votre maison avec une surveillance d'alarme 24 heures sur 24 et 7 jours sur 7. Vous pouvez compter sur notre station de surveillance certifi\u00e9e ULC. Facile \u00e0 installer avec votre syst\u00e8me existant.","robots":{"index":"index","follow":"follow","max-snippet":"max-snippet:-1","max-image-preview":"max-image-preview:large","max-video-preview":"max-video-preview:-1"},"canonical":"https:\/\/www.apialarm.com\/fr\/wp-json\/wp\/v2\/pages\/6783","og_locale":"fr_FR","og_type":"article","og_title":"Surveillance des alarmes de s\u00e9curit\u00e9 \u00e0 domicile | a.p.i. ALARM.","og_description":"Nous fournissons une surveillance d'alarme certifi\u00e9e ULC pour les syst\u00e8mes de s\u00e9curit\u00e9 \u00e0 domicile, les syst\u00e8mes d'alarme incendie et les d\u00e9tecteurs de monoxyde de carbone, de temp\u00e9rature et d'eau.","og_url":"https:\/\/www.apialarm.com\/fr\/wp-json\/wp\/v2\/pages\/6783","og_site_name":"a.p.i. ALARM","article_modified_time":"2025-11-28T20:52:25+00:00","og_image":[{"url":"http:\/\/apialarm.com\/wp-content\/uploads\/2023\/07\/api-alarm-logo-Retina.png"}],"twitter_card":"summary_large_image","twitter_title":"Surveillance des alarmes de s\u00e9curit\u00e9 \u00e0 domicile | a.p.i. ALARM.","twitter_description":"Nous fournissons une surveillance d'alarme certifi\u00e9e ULC pour les syst\u00e8mes de s\u00e9curit\u00e9 \u00e0 domicile, les syst\u00e8mes d'alarme incendie et les d\u00e9tecteurs de monoxyde de carbone, de temp\u00e9rature et d'eau.","twitter_image":"http:\/\/apialarm.com\/wp-content\/uploads\/2023\/07\/api-alarm-logo-Retina.png","schema":{"@context":"https:\/\/schema.org","@graph":[{"@type":"WebPage","@id":"https:\/\/www.apialarm.com\/fr\/wp-json\/wp\/v2\/pages\/6783","url":"https:\/\/www.apialarm.com\/fr\/wp-json\/wp\/v2\/pages\/6783","name":"T\u00e9l\u00e9surveillance \u00e0 domicile | a.p.i. ALARM","isPartOf":{"@id":"https:\/\/www.apialarm.com\/fr\/#website"},"datePublished":"2023-08-03T18:39:00+00:00","dateModified":"2025-11-28T20:52:25+00:00","description":"Prot\u00e9gez votre maison avec une surveillance d'alarme 24 heures sur 24 et 7 jours sur 7. Vous pouvez compter sur notre station de surveillance certifi\u00e9e ULC. Facile \u00e0 installer avec votre syst\u00e8me existant.","breadcrumb":{"@id":"https:\/\/www.apialarm.com\/fr\/securite-residentielle\/telesurveillance-a-domicile-a-p-i-alarm\/#breadcrumb"},"inLanguage":"fr-FR","potentialAction":[{"@type":"ReadAction","target":["https:\/\/www.apialarm.com\/fr\/securite-residentielle\/telesurveillance-a-domicile-a-p-i-alarm\/"]}]},{"@type":"BreadcrumbList","@id":"https:\/\/www.apialarm.com\/fr\/securite-residentielle\/telesurveillance-a-domicile-a-p-i-alarm\/#breadcrumb","itemListElement":[{"@type":"ListItem","position":1,"name":"Accueil","item":"https:\/\/www.apialarm.com\/fr\/a-p-i-alarm-systemes-de-securite-et-surveillance-des-alarmes\/"},{"@type":"ListItem","position":2,"name":"Solutions de s\u00e9curit\u00e9 r\u00e9sidentielle et surveillance d&#8217;alarme | a.p.i. ALARM","item":"https:\/\/www.apialarm.com\/fr\/securite-residentielle\/"},{"@type":"ListItem","position":3,"name":"T\u00e9l\u00e9surveillance \u00e0 domicile | a.p.i. ALARM"}]},{"@type":"WebSite","@id":"https:\/\/www.apialarm.com\/fr\/#website","url":"https:\/\/www.apialarm.com\/fr\/","name":"a.p.i. ALARM","description":"a.p.i. ALARM | Solutions de s\u00e9curit\u00e9 r\u00e9sidentielle et commerciale et surveillance des alarmes","publisher":{"@id":"https:\/\/www.apialarm.com\/fr\/#organization"},"potentialAction":[{"@type":"SearchAction","target":{"@type":"EntryPoint","urlTemplate":"https:\/\/www.apialarm.com\/fr\/?s={search_term_string}"},"query-input":"required name=search_term_string"}],"inLanguage":"fr-FR"},{"@type":"Organization","@id":"https:\/\/www.apialarm.com\/fr\/#organization","name":"a.p.i. ALARM","url":"https:\/\/www.apialarm.com\/fr\/","logo":{"@type":"ImageObject","inLanguage":"fr-FR","@id":"https:\/\/www.apialarm.com\/fr\/#\/schema\/logo\/image\/","url":"https:\/\/www.apialarm.com\/wp-content\/uploads\/2023\/08\/api-alarm.png","contentUrl":"https:\/\/www.apialarm.com\/wp-content\/uploads\/2023\/08\/api-alarm.png","width":696,"height":696,"caption":"a.p.i. ALARM"},"image":{"@id":"https:\/\/www.apialarm.com\/fr\/#\/schema\/logo\/image\/"}}]}},"_links":{"self":[{"href":"https:\/\/www.apialarm.com\/fr\/wp-json\/wp\/v2\/pages\/6783"}],"collection":[{"href":"https:\/\/www.apialarm.com\/fr\/wp-json\/wp\/v2\/pages"}],"about":[{"href":"https:\/\/www.apialarm.com\/fr\/wp-json\/wp\/v2\/types\/page"}],"author":[{"embeddable":true,"href":"https:\/\/www.apialarm.com\/fr\/wp-json\/wp\/v2\/users\/4"}],"replies":[{"embeddable":true,"href":"https:\/\/www.apialarm.com\/fr\/wp-json\/wp\/v2\/comments?post=6783"}],"version-history":[{"count":16,"href":"https:\/\/www.apialarm.com\/fr\/wp-json\/wp\/v2\/pages\/6783\/revisions"}],"predecessor-version":[{"id":7501,"href":"https:\/\/www.apialarm.com\/fr\/wp-json\/wp\/v2\/pages\/6783\/revisions\/7501"}],"up":[{"embeddable":true,"href":"https:\/\/www.apialarm.com\/fr\/wp-json\/wp\/v2\/pages\/6796"}],"wp:attachment":[{"href":"https:\/\/www.apialarm.com\/fr\/wp-json\/wp\/v2\/media?parent=6783"}],"curies":[{"name":"wp","href":"https:\/\/api.w.org\/{rel}","templated":true}]}}