{"id":6781,"date":"2025-02-24T12:36:56","date_gmt":"2025-02-24T17:36:56","guid":{"rendered":"https:\/\/www.apialarm.com\/postuler-en-ligne-a-a-p-i-alarm\/"},"modified":"2025-10-06T19:48:44","modified_gmt":"2025-10-06T23:48:44","slug":"postuler-en-ligne-a-a-p-i-alarm","status":"publish","type":"page","link":"https:\/\/www.apialarm.com\/fr\/postuler-en-ligne-a-a-p-i-alarm\/","title":{"rendered":"Postuler en ligne \u00e0 a.p.i. ALARM"},"content":{"rendered":"","protected":false},"excerpt":{"rendered":"","protected":false},"author":4,"featured_media":0,"parent":0,"menu_order":0,"comment_status":"closed","ping_status":"closed","template":"","meta":{"footnotes":""},"acf":[],"yoast_head":"<title>Demandez un devis pour un syst\u00e8me de s\u00e9curit\u00e9 d&#039;a.p.i. ALARM<\/title>\n<meta name=\"description\" content=\"Renseignez-vous sur un syst\u00e8me de s\u00e9curit\u00e9 et un forfait de surveillance d&#039;alarme aupr\u00e8s de la plus grande soci\u00e9t\u00e9 priv\u00e9e de surveillance d&#039;alarme certifi\u00e9e ULC en Am\u00e9rique du Nord.\" \/>\n<meta name=\"robots\" content=\"noindex, follow\" \/>\n<meta property=\"og:locale\" content=\"fr_FR\" \/>\n<meta property=\"og:type\" content=\"article\" \/>\n<meta property=\"og:title\" content=\"Demandez un devis pour un syst\u00e8me de s\u00e9curit\u00e9 d&#039;a.p.i. ALARM\" \/>\n<meta property=\"og:description\" content=\"Renseignez-vous sur un syst\u00e8me de s\u00e9curit\u00e9 et un forfait de surveillance d&#039;alarme aupr\u00e8s de la plus grande soci\u00e9t\u00e9 priv\u00e9e de surveillance d&#039;alarme d&#039;Am\u00e9rique du Nord, certifi\u00e9e ULC.\" \/>\n<meta property=\"og:url\" content=\"https:\/\/www.apialarm.com\/fr\/wp-json\/wp\/v2\/pages\/6781\" \/>\n<meta property=\"og:site_name\" content=\"a.p.i. ALARM\" \/>\n<meta property=\"article:modified_time\" content=\"2025-10-06T23:48:44+00:00\" \/>\n<meta property=\"og:image\" content=\"https:\/\/www.apialarm.com\/wp-content\/uploads\/2023\/09\/api-ALARM-ogfb.jpg\" \/>\n\t<meta property=\"og:image:width\" content=\"1230\" \/>\n\t<meta property=\"og:image:height\" content=\"630\" \/>\n\t<meta property=\"og:image:type\" content=\"image\/jpeg\" \/>\n<meta name=\"twitter:card\" content=\"summary_large_image\" \/>\n<meta name=\"twitter:title\" content=\"Demandez un devis pour un syst\u00e8me de s\u00e9curit\u00e9 d&#039;a.p.i. ALARM\" \/>\n<meta name=\"twitter:description\" content=\"Renseignez-vous sur un syst\u00e8me de s\u00e9curit\u00e9 et un forfait de surveillance d&#039;alarme aupr\u00e8s de la plus grande soci\u00e9t\u00e9 priv\u00e9e de surveillance d&#039;alarme d&#039;Am\u00e9rique du Nord, certifi\u00e9e ULC.\" \/>\n<script type=\"application\/ld+json\" class=\"yoast-schema-graph\">{\"@context\":\"https:\/\/schema.org\",\"@graph\":[{\"@type\":\"WebPage\",\"@id\":\"https:\/\/www.apialarm.com\/fr\/wp-json\/wp\/v2\/pages\/6781\",\"url\":\"https:\/\/www.apialarm.com\/fr\/wp-json\/wp\/v2\/pages\/6781\",\"name\":\"Demandez un devis pour un syst\u00e8me de s\u00e9curit\u00e9 d'a.p.i. ALARM\",\"isPartOf\":{\"@id\":\"https:\/\/www.apialarm.com\/fr\/#website\"},\"datePublished\":\"2025-02-24T17:36:56+00:00\",\"dateModified\":\"2025-10-06T23:48:44+00:00\",\"description\":\"Renseignez-vous sur un syst\u00e8me de s\u00e9curit\u00e9 et un forfait de surveillance d'alarme aupr\u00e8s de la plus grande soci\u00e9t\u00e9 priv\u00e9e de surveillance d'alarme certifi\u00e9e ULC en Am\u00e9rique du Nord.\",\"breadcrumb\":{\"@id\":\"https:\/\/www.apialarm.com\/fr\/postuler-en-ligne-a-a-p-i-alarm\/#breadcrumb\"},\"inLanguage\":\"fr-FR\",\"potentialAction\":[{\"@type\":\"ReadAction\",\"target\":[\"https:\/\/www.apialarm.com\/fr\/postuler-en-ligne-a-a-p-i-alarm\/\"]}]},{\"@type\":\"BreadcrumbList\",\"@id\":\"https:\/\/www.apialarm.com\/fr\/postuler-en-ligne-a-a-p-i-alarm\/#breadcrumb\",\"itemListElement\":[{\"@type\":\"ListItem\",\"position\":1,\"name\":\"Accueil\",\"item\":\"https:\/\/www.apialarm.com\/fr\/a-p-i-alarm-systemes-de-securite-et-surveillance-des-alarmes\/\"},{\"@type\":\"ListItem\",\"position\":2,\"name\":\"Postuler en ligne \u00e0 a.p.i. ALARM\"}]},{\"@type\":\"WebSite\",\"@id\":\"https:\/\/www.apialarm.com\/fr\/#website\",\"url\":\"https:\/\/www.apialarm.com\/fr\/\",\"name\":\"a.p.i. ALARM\",\"description\":\"a.p.i. ALARM | Solutions de s\u00e9curit\u00e9 r\u00e9sidentielle et commerciale et surveillance des alarmes\",\"publisher\":{\"@id\":\"https:\/\/www.apialarm.com\/fr\/#organization\"},\"potentialAction\":[{\"@type\":\"SearchAction\",\"target\":{\"@type\":\"EntryPoint\",\"urlTemplate\":\"https:\/\/www.apialarm.com\/fr\/?s={search_term_string}\"},\"query-input\":\"required name=search_term_string\"}],\"inLanguage\":\"fr-FR\"},{\"@type\":\"Organization\",\"@id\":\"https:\/\/www.apialarm.com\/fr\/#organization\",\"name\":\"a.p.i. ALARM\",\"url\":\"https:\/\/www.apialarm.com\/fr\/\",\"logo\":{\"@type\":\"ImageObject\",\"inLanguage\":\"fr-FR\",\"@id\":\"https:\/\/www.apialarm.com\/fr\/#\/schema\/logo\/image\/\",\"url\":\"https:\/\/www.apialarm.com\/wp-content\/uploads\/2023\/08\/api-alarm.png\",\"contentUrl\":\"https:\/\/www.apialarm.com\/wp-content\/uploads\/2023\/08\/api-alarm.png\",\"width\":696,\"height\":696,\"caption\":\"a.p.i. ALARM\"},\"image\":{\"@id\":\"https:\/\/www.apialarm.com\/fr\/#\/schema\/logo\/image\/\"}}]}<\/script>","yoast_head_json":{"title":"Demandez un devis pour un syst\u00e8me de s\u00e9curit\u00e9 d'a.p.i. ALARM","description":"Renseignez-vous sur un syst\u00e8me de s\u00e9curit\u00e9 et un forfait de surveillance d'alarme aupr\u00e8s de la plus grande soci\u00e9t\u00e9 priv\u00e9e de surveillance d'alarme certifi\u00e9e ULC en Am\u00e9rique du Nord.","robots":{"index":"noindex","follow":"follow"},"og_locale":"fr_FR","og_type":"article","og_title":"Demandez un devis pour un syst\u00e8me de s\u00e9curit\u00e9 d'a.p.i. ALARM","og_description":"Renseignez-vous sur un syst\u00e8me de s\u00e9curit\u00e9 et un forfait de surveillance d'alarme aupr\u00e8s de la plus grande soci\u00e9t\u00e9 priv\u00e9e de surveillance d'alarme d'Am\u00e9rique du Nord, certifi\u00e9e ULC.","og_url":"https:\/\/www.apialarm.com\/fr\/wp-json\/wp\/v2\/pages\/6781","og_site_name":"a.p.i. ALARM","article_modified_time":"2025-10-06T23:48:44+00:00","og_image":[{"width":1230,"height":630,"url":"https:\/\/www.apialarm.com\/wp-content\/uploads\/2023\/09\/api-ALARM-ogfb.jpg","type":"image\/jpeg"}],"twitter_card":"summary_large_image","twitter_title":"Demandez un devis pour un syst\u00e8me de s\u00e9curit\u00e9 d'a.p.i. ALARM","twitter_description":"Renseignez-vous sur un syst\u00e8me de s\u00e9curit\u00e9 et un forfait de surveillance d'alarme aupr\u00e8s de la plus grande soci\u00e9t\u00e9 priv\u00e9e de surveillance d'alarme d'Am\u00e9rique du Nord, certifi\u00e9e ULC.","schema":{"@context":"https:\/\/schema.org","@graph":[{"@type":"WebPage","@id":"https:\/\/www.apialarm.com\/fr\/wp-json\/wp\/v2\/pages\/6781","url":"https:\/\/www.apialarm.com\/fr\/wp-json\/wp\/v2\/pages\/6781","name":"Demandez un devis pour un syst\u00e8me de s\u00e9curit\u00e9 d'a.p.i. ALARM","isPartOf":{"@id":"https:\/\/www.apialarm.com\/fr\/#website"},"datePublished":"2025-02-24T17:36:56+00:00","dateModified":"2025-10-06T23:48:44+00:00","description":"Renseignez-vous sur un syst\u00e8me de s\u00e9curit\u00e9 et un forfait de surveillance d'alarme aupr\u00e8s de la plus grande soci\u00e9t\u00e9 priv\u00e9e de surveillance d'alarme certifi\u00e9e ULC en Am\u00e9rique du Nord.","breadcrumb":{"@id":"https:\/\/www.apialarm.com\/fr\/postuler-en-ligne-a-a-p-i-alarm\/#breadcrumb"},"inLanguage":"fr-FR","potentialAction":[{"@type":"ReadAction","target":["https:\/\/www.apialarm.com\/fr\/postuler-en-ligne-a-a-p-i-alarm\/"]}]},{"@type":"BreadcrumbList","@id":"https:\/\/www.apialarm.com\/fr\/postuler-en-ligne-a-a-p-i-alarm\/#breadcrumb","itemListElement":[{"@type":"ListItem","position":1,"name":"Accueil","item":"https:\/\/www.apialarm.com\/fr\/a-p-i-alarm-systemes-de-securite-et-surveillance-des-alarmes\/"},{"@type":"ListItem","position":2,"name":"Postuler en ligne \u00e0 a.p.i. ALARM"}]},{"@type":"WebSite","@id":"https:\/\/www.apialarm.com\/fr\/#website","url":"https:\/\/www.apialarm.com\/fr\/","name":"a.p.i. ALARM","description":"a.p.i. ALARM | Solutions de s\u00e9curit\u00e9 r\u00e9sidentielle et commerciale et surveillance des alarmes","publisher":{"@id":"https:\/\/www.apialarm.com\/fr\/#organization"},"potentialAction":[{"@type":"SearchAction","target":{"@type":"EntryPoint","urlTemplate":"https:\/\/www.apialarm.com\/fr\/?s={search_term_string}"},"query-input":"required name=search_term_string"}],"inLanguage":"fr-FR"},{"@type":"Organization","@id":"https:\/\/www.apialarm.com\/fr\/#organization","name":"a.p.i. ALARM","url":"https:\/\/www.apialarm.com\/fr\/","logo":{"@type":"ImageObject","inLanguage":"fr-FR","@id":"https:\/\/www.apialarm.com\/fr\/#\/schema\/logo\/image\/","url":"https:\/\/www.apialarm.com\/wp-content\/uploads\/2023\/08\/api-alarm.png","contentUrl":"https:\/\/www.apialarm.com\/wp-content\/uploads\/2023\/08\/api-alarm.png","width":696,"height":696,"caption":"a.p.i. ALARM"},"image":{"@id":"https:\/\/www.apialarm.com\/fr\/#\/schema\/logo\/image\/"}}]}},"_links":{"self":[{"href":"https:\/\/www.apialarm.com\/fr\/wp-json\/wp\/v2\/pages\/6781"}],"collection":[{"href":"https:\/\/www.apialarm.com\/fr\/wp-json\/wp\/v2\/pages"}],"about":[{"href":"https:\/\/www.apialarm.com\/fr\/wp-json\/wp\/v2\/types\/page"}],"author":[{"embeddable":true,"href":"https:\/\/www.apialarm.com\/fr\/wp-json\/wp\/v2\/users\/4"}],"replies":[{"embeddable":true,"href":"https:\/\/www.apialarm.com\/fr\/wp-json\/wp\/v2\/comments?post=6781"}],"version-history":[{"count":1,"href":"https:\/\/www.apialarm.com\/fr\/wp-json\/wp\/v2\/pages\/6781\/revisions"}],"predecessor-version":[{"id":7399,"href":"https:\/\/www.apialarm.com\/fr\/wp-json\/wp\/v2\/pages\/6781\/revisions\/7399"}],"wp:attachment":[{"href":"https:\/\/www.apialarm.com\/fr\/wp-json\/wp\/v2\/media?parent=6781"}],"curies":[{"name":"wp","href":"https:\/\/api.w.org\/{rel}","templated":true}]}}