{"id":6778,"date":"2023-08-22T13:15:52","date_gmt":"2023-08-22T17:15:52","guid":{"rendered":"https:\/\/www.apialarm.com\/a-p-i-alarm-systemes-de-securite-et-surveillance-des-alarmes\/"},"modified":"2025-10-06T19:45:39","modified_gmt":"2025-10-06T23:45:39","slug":"a-p-i-alarm-systemes-de-securite-et-surveillance-des-alarmes","status":"publish","type":"page","link":"https:\/\/www.apialarm.com\/fr\/","title":{"rendered":"a.p.i. ALARM &#8211; Syst\u00e8mes de s\u00e9curit\u00e9 et surveillance des alarmes"},"content":{"rendered":"","protected":false},"excerpt":{"rendered":"","protected":false},"author":4,"featured_media":0,"parent":0,"menu_order":0,"comment_status":"closed","ping_status":"closed","template":"","meta":{"footnotes":""},"acf":[],"yoast_head":"<title>a.p.i. ALARM - Syst\u00e8mes de s\u00e9curit\u00e9 et surveillance des alarmes<\/title>\n<meta name=\"description\" content=\"Syst\u00e8mes de s\u00e9curit\u00e9 r\u00e9sidentiels et commerciaux avec surveillance des alarmes, syst\u00e8mes de vid\u00e9osurveillance, syst\u00e8mes de contr\u00f4le d&#039;acc\u00e8s et surveillance des alarmes incendie.\" \/>\n<meta name=\"robots\" content=\"index, follow, max-snippet:-1, max-image-preview:large, max-video-preview:-1\" \/>\n<link rel=\"canonical\" href=\"https:\/\/www.apialarm.com\/fr\/wp-json\/wp\/v2\/pages\/6778\" \/>\n<meta property=\"og:locale\" content=\"fr_FR\" \/>\n<meta property=\"og:type\" content=\"article\" \/>\n<meta property=\"og:title\" content=\"Syst\u00e8mes de s\u00e9curit\u00e9 r\u00e9sidentiels et commerciaux et surveillance des alarmes\" \/>\n<meta property=\"og:description\" content=\"a.p.i. ALARM est une soci\u00e9t\u00e9 de s\u00e9curit\u00e9 offrant un service complet de surveillance des alarmes et des solutions de s\u00e9curit\u00e9 r\u00e9sidentielles et commerciales, y compris : syst\u00e8mes de s\u00e9curit\u00e9, cam\u00e9ras de s\u00e9curit\u00e9 et syst\u00e8mes de surveillance CCTV, surveillance incendie ULC et syst\u00e8mes de contr\u00f4le d&#039;acc\u00e8s.\" \/>\n<meta property=\"og:url\" content=\"https:\/\/www.apialarm.com\/fr\/wp-json\/wp\/v2\/pages\/6778\" \/>\n<meta property=\"og:site_name\" content=\"a.p.i. ALARM\" \/>\n<meta property=\"article:modified_time\" content=\"2025-10-06T23:45:39+00:00\" \/>\n<meta property=\"og:image\" content=\"https:\/\/www.apialarm.com\/wp-content\/uploads\/2023\/09\/api-ALARM-ogfb-700x359.jpg\" \/>\n<meta name=\"twitter:card\" content=\"summary_large_image\" \/>\n<meta name=\"twitter:title\" content=\"Syst\u00e8mes de s\u00e9curit\u00e9 r\u00e9sidentiels et commerciaux et surveillance des alarmes\" \/>\n<meta name=\"twitter:description\" content=\"a.p.i. ALARM est une soci\u00e9t\u00e9 de s\u00e9curit\u00e9 offrant un service complet de surveillance des alarmes et des solutions de s\u00e9curit\u00e9 r\u00e9sidentielles et commerciales, y compris : syst\u00e8mes de s\u00e9curit\u00e9, cam\u00e9ras de s\u00e9curit\u00e9 et syst\u00e8mes de surveillance CCTV, surveillance incendie ULC et syst\u00e8mes de contr\u00f4le d&#039;acc\u00e8s.\" \/>\n<meta name=\"twitter:image\" content=\"https:\/\/www.apialarm.com\/wp-content\/uploads\/2023\/09\/api-ALARM-ogx-700x394.jpg\" \/>\n<script type=\"application\/ld+json\" class=\"yoast-schema-graph\">{\"@context\":\"https:\/\/schema.org\",\"@graph\":[{\"@type\":\"WebPage\",\"@id\":\"https:\/\/www.apialarm.com\/fr\/wp-json\/wp\/v2\/pages\/6778\",\"url\":\"https:\/\/www.apialarm.com\/fr\/wp-json\/wp\/v2\/pages\/6778\",\"name\":\"a.p.i. ALARM - Syst\u00e8mes de s\u00e9curit\u00e9 et surveillance des alarmes\",\"isPartOf\":{\"@id\":\"https:\/\/www.apialarm.com\/fr\/#website\"},\"datePublished\":\"2023-08-22T17:15:52+00:00\",\"dateModified\":\"2025-10-06T23:45:39+00:00\",\"description\":\"Syst\u00e8mes de s\u00e9curit\u00e9 r\u00e9sidentiels et commerciaux avec surveillance des alarmes, syst\u00e8mes de vid\u00e9osurveillance, syst\u00e8mes de contr\u00f4le d'acc\u00e8s et surveillance des alarmes incendie.\",\"breadcrumb\":{\"@id\":\"https:\/\/www.apialarm.com\/fr\/#breadcrumb\"},\"inLanguage\":\"fr-FR\",\"potentialAction\":[{\"@type\":\"ReadAction\",\"target\":[\"https:\/\/www.apialarm.com\/fr\/\"]}]},{\"@type\":\"BreadcrumbList\",\"@id\":\"https:\/\/www.apialarm.com\/fr\/#breadcrumb\",\"itemListElement\":[{\"@type\":\"ListItem\",\"position\":1,\"name\":\"Accueil\",\"item\":\"https:\/\/www.apialarm.com\/fr\/a-p-i-alarm-systemes-de-securite-et-surveillance-des-alarmes\/\"},{\"@type\":\"ListItem\",\"position\":2,\"name\":\"Accueil\"}]},{\"@type\":\"WebSite\",\"@id\":\"https:\/\/www.apialarm.com\/fr\/#website\",\"url\":\"https:\/\/www.apialarm.com\/fr\/\",\"name\":\"a.p.i. ALARM\",\"description\":\"a.p.i. ALARM | Solutions de s\u00e9curit\u00e9 r\u00e9sidentielle et commerciale et surveillance des alarmes\",\"publisher\":{\"@id\":\"https:\/\/www.apialarm.com\/fr\/#organization\"},\"potentialAction\":[{\"@type\":\"SearchAction\",\"target\":{\"@type\":\"EntryPoint\",\"urlTemplate\":\"https:\/\/www.apialarm.com\/fr\/?s={search_term_string}\"},\"query-input\":\"required name=search_term_string\"}],\"inLanguage\":\"fr-FR\"},{\"@type\":\"Organization\",\"@id\":\"https:\/\/www.apialarm.com\/fr\/#organization\",\"name\":\"a.p.i. ALARM\",\"url\":\"https:\/\/www.apialarm.com\/fr\/\",\"logo\":{\"@type\":\"ImageObject\",\"inLanguage\":\"fr-FR\",\"@id\":\"https:\/\/www.apialarm.com\/fr\/#\/schema\/logo\/image\/\",\"url\":\"https:\/\/www.apialarm.com\/wp-content\/uploads\/2023\/08\/api-alarm.png\",\"contentUrl\":\"https:\/\/www.apialarm.com\/wp-content\/uploads\/2023\/08\/api-alarm.png\",\"width\":696,\"height\":696,\"caption\":\"a.p.i. ALARM\"},\"image\":{\"@id\":\"https:\/\/www.apialarm.com\/fr\/#\/schema\/logo\/image\/\"}}]}<\/script>","yoast_head_json":{"title":"a.p.i. ALARM - Syst\u00e8mes de s\u00e9curit\u00e9 et surveillance des alarmes","description":"Syst\u00e8mes de s\u00e9curit\u00e9 r\u00e9sidentiels et commerciaux avec surveillance des alarmes, syst\u00e8mes de vid\u00e9osurveillance, syst\u00e8mes de contr\u00f4le d'acc\u00e8s et surveillance des alarmes incendie.","robots":{"index":"index","follow":"follow","max-snippet":"max-snippet:-1","max-image-preview":"max-image-preview:large","max-video-preview":"max-video-preview:-1"},"canonical":"https:\/\/www.apialarm.com\/fr\/wp-json\/wp\/v2\/pages\/6778","og_locale":"fr_FR","og_type":"article","og_title":"Syst\u00e8mes de s\u00e9curit\u00e9 r\u00e9sidentiels et commerciaux et surveillance des alarmes","og_description":"a.p.i. ALARM est une soci\u00e9t\u00e9 de s\u00e9curit\u00e9 offrant un service complet de surveillance des alarmes et des solutions de s\u00e9curit\u00e9 r\u00e9sidentielles et commerciales, y compris : syst\u00e8mes de s\u00e9curit\u00e9, cam\u00e9ras de s\u00e9curit\u00e9 et syst\u00e8mes de surveillance CCTV, surveillance incendie ULC et syst\u00e8mes de contr\u00f4le d'acc\u00e8s.","og_url":"https:\/\/www.apialarm.com\/fr\/wp-json\/wp\/v2\/pages\/6778","og_site_name":"a.p.i. ALARM","article_modified_time":"2025-10-06T23:45:39+00:00","og_image":[{"url":"https:\/\/www.apialarm.com\/wp-content\/uploads\/2023\/09\/api-ALARM-ogfb-700x359.jpg"}],"twitter_card":"summary_large_image","twitter_title":"Syst\u00e8mes de s\u00e9curit\u00e9 r\u00e9sidentiels et commerciaux et surveillance des alarmes","twitter_description":"a.p.i. ALARM est une soci\u00e9t\u00e9 de s\u00e9curit\u00e9 offrant un service complet de surveillance des alarmes et des solutions de s\u00e9curit\u00e9 r\u00e9sidentielles et commerciales, y compris : syst\u00e8mes de s\u00e9curit\u00e9, cam\u00e9ras de s\u00e9curit\u00e9 et syst\u00e8mes de surveillance CCTV, surveillance incendie ULC et syst\u00e8mes de contr\u00f4le d'acc\u00e8s.","twitter_image":"https:\/\/www.apialarm.com\/wp-content\/uploads\/2023\/09\/api-ALARM-ogx-700x394.jpg","schema":{"@context":"https:\/\/schema.org","@graph":[{"@type":"WebPage","@id":"https:\/\/www.apialarm.com\/fr\/wp-json\/wp\/v2\/pages\/6778","url":"https:\/\/www.apialarm.com\/fr\/wp-json\/wp\/v2\/pages\/6778","name":"a.p.i. ALARM - Syst\u00e8mes de s\u00e9curit\u00e9 et surveillance des alarmes","isPartOf":{"@id":"https:\/\/www.apialarm.com\/fr\/#website"},"datePublished":"2023-08-22T17:15:52+00:00","dateModified":"2025-10-06T23:45:39+00:00","description":"Syst\u00e8mes de s\u00e9curit\u00e9 r\u00e9sidentiels et commerciaux avec surveillance des alarmes, syst\u00e8mes de vid\u00e9osurveillance, syst\u00e8mes de contr\u00f4le d'acc\u00e8s et surveillance des alarmes incendie.","breadcrumb":{"@id":"https:\/\/www.apialarm.com\/fr\/#breadcrumb"},"inLanguage":"fr-FR","potentialAction":[{"@type":"ReadAction","target":["https:\/\/www.apialarm.com\/fr\/"]}]},{"@type":"BreadcrumbList","@id":"https:\/\/www.apialarm.com\/fr\/#breadcrumb","itemListElement":[{"@type":"ListItem","position":1,"name":"Accueil","item":"https:\/\/www.apialarm.com\/fr\/a-p-i-alarm-systemes-de-securite-et-surveillance-des-alarmes\/"},{"@type":"ListItem","position":2,"name":"Accueil"}]},{"@type":"WebSite","@id":"https:\/\/www.apialarm.com\/fr\/#website","url":"https:\/\/www.apialarm.com\/fr\/","name":"a.p.i. ALARM","description":"a.p.i. ALARM | Solutions de s\u00e9curit\u00e9 r\u00e9sidentielle et commerciale et surveillance des alarmes","publisher":{"@id":"https:\/\/www.apialarm.com\/fr\/#organization"},"potentialAction":[{"@type":"SearchAction","target":{"@type":"EntryPoint","urlTemplate":"https:\/\/www.apialarm.com\/fr\/?s={search_term_string}"},"query-input":"required name=search_term_string"}],"inLanguage":"fr-FR"},{"@type":"Organization","@id":"https:\/\/www.apialarm.com\/fr\/#organization","name":"a.p.i. ALARM","url":"https:\/\/www.apialarm.com\/fr\/","logo":{"@type":"ImageObject","inLanguage":"fr-FR","@id":"https:\/\/www.apialarm.com\/fr\/#\/schema\/logo\/image\/","url":"https:\/\/www.apialarm.com\/wp-content\/uploads\/2023\/08\/api-alarm.png","contentUrl":"https:\/\/www.apialarm.com\/wp-content\/uploads\/2023\/08\/api-alarm.png","width":696,"height":696,"caption":"a.p.i. ALARM"},"image":{"@id":"https:\/\/www.apialarm.com\/fr\/#\/schema\/logo\/image\/"}}]}},"_links":{"self":[{"href":"https:\/\/www.apialarm.com\/fr\/wp-json\/wp\/v2\/pages\/6778"}],"collection":[{"href":"https:\/\/www.apialarm.com\/fr\/wp-json\/wp\/v2\/pages"}],"about":[{"href":"https:\/\/www.apialarm.com\/fr\/wp-json\/wp\/v2\/types\/page"}],"author":[{"embeddable":true,"href":"https:\/\/www.apialarm.com\/fr\/wp-json\/wp\/v2\/users\/4"}],"replies":[{"embeddable":true,"href":"https:\/\/www.apialarm.com\/fr\/wp-json\/wp\/v2\/comments?post=6778"}],"version-history":[{"count":6,"href":"https:\/\/www.apialarm.com\/fr\/wp-json\/wp\/v2\/pages\/6778\/revisions"}],"predecessor-version":[{"id":7391,"href":"https:\/\/www.apialarm.com\/fr\/wp-json\/wp\/v2\/pages\/6778\/revisions\/7391"}],"wp:attachment":[{"href":"https:\/\/www.apialarm.com\/fr\/wp-json\/wp\/v2\/media?parent=6778"}],"curies":[{"name":"wp","href":"https:\/\/api.w.org\/{rel}","templated":true}]}}